{"id":1597,"date":"2022-04-07T00:50:30","date_gmt":"2022-04-06T22:50:30","guid":{"rendered":"https:\/\/www3.archidiecezja.lodz.pl\/akw-it\/?page_id=1597"},"modified":"2025-10-24T22:15:10","modified_gmt":"2025-10-24T20:15:10","slug":"kontakt","status":"publish","type":"page","link":"https:\/\/www3.archidiecezja.lodz.pl\/akw-it\/?page_id=1597","title":{"rendered":"Kontakt"},"content":{"rendered":"\t\t<div data-elementor-type=\"wp-page\" data-elementor-id=\"1597\" class=\"elementor elementor-1597\">\n\t\t\t\t\t\t<section class=\"elementor-section elementor-top-section elementor-element elementor-element-bc63d45 elementor-section-boxed elementor-section-height-default elementor-section-height-default\" data-id=\"bc63d45\" data-element_type=\"section\" data-e-type=\"section\">\n\t\t\t\t\t\t<div class=\"elementor-container elementor-column-gap-default\">\n\t\t\t\t\t<div class=\"elementor-column elementor-col-100 elementor-top-column elementor-element elementor-element-e871550\" data-id=\"e871550\" data-element_type=\"column\" data-e-type=\"column\">\n\t\t\t<div class=\"elementor-widget-wrap elementor-element-populated\">\n\t\t\t\t\t\t<section class=\"elementor-section elementor-inner-section elementor-element elementor-element-8f559db elementor-section-boxed elementor-section-height-default elementor-section-height-default\" data-id=\"8f559db\" data-element_type=\"section\" data-e-type=\"section\">\n\t\t\t\t\t\t<div class=\"elementor-container elementor-column-gap-default\">\n\t\t\t\t\t<div class=\"elementor-column elementor-col-50 elementor-inner-column elementor-element elementor-element-7d628a3\" data-id=\"7d628a3\" data-element_type=\"column\" data-e-type=\"column\">\n\t\t\t<div class=\"elementor-widget-wrap elementor-element-populated\">\n\t\t\t\t\t\t<div class=\"elementor-element elementor-element-117685e elementor-widget elementor-widget-heading\" data-id=\"117685e\" data-element_type=\"widget\" data-e-type=\"widget\" data-widget_type=\"heading.default\">\n\t\t\t\t<div class=\"elementor-widget-container\">\n\t\t\t\t\t<h3 class=\"elementor-heading-title elementor-size-default\">Instytut Teologiczny w \u0141odzi<\/h3>\t\t\t\t<\/div>\n\t\t\t\t<\/div>\n\t\t\t\t<div class=\"elementor-element elementor-element-a2c101f elementor-widget__width-initial elementor-widget elementor-widget-text-editor\" data-id=\"a2c101f\" data-element_type=\"widget\" data-e-type=\"widget\" data-widget_type=\"text-editor.default\">\n\t\t\t\t<div class=\"elementor-widget-container\">\n\t\t\t\t\t\t\t\t\t<address>ul. ks. I. Skorupki 7<br>90-458 \u0141\u00f3d\u017a<br><abbr title=\"Telefon\">tel.<\/abbr>&nbsp;(42) 664 87 39<br>e-mail:&nbsp;<a href=\"mailto:akw-it@archidiecezja.lodz.pl\">akw-it@archidiecezja.lodz.pl<\/a><\/address>\n<address>&nbsp;<\/address>\n<div role=\"alert\"><strong>Sekretariat czynny w godz. 9.15-13.00&nbsp;<\/strong><br><strong>&#8211; wy\u0142\u0105cznie w soboty wyk\u0142adowe&nbsp;<\/strong><b style=\"font-family: var( --e-global-typography-text-font-family ), Sans-serif; letter-spacing: var(--the7-base-letter-spacing); text-transform: var(--the7-base-text-transform); word-spacing: normal;\"><span lang=\"IT\" style=\"font-size: 12pt; font-family: Arial, 'sans-serif'; color: red; background-image: initial; background-position: initial; background-size: initial; background-repeat: initial; background-attachment: initial; background-origin: initial; background-clip: initial;\">(dotyczy to tak\u017ce &#8222;kontaktu<\/span><\/b><\/div>\n<div role=\"alert\"><b><span lang=\"IT\" style=\"font-size: 12pt; font-family: Arial, 'sans-serif'; color: red; background-image: initial; background-position: initial; background-size: initial; background-repeat: initial; background-attachment: initial; background-origin: initial; background-clip: initial;\">telefonicznego&#8221; z Sekretariatem Instytutu !!!!)&nbsp;<\/span><\/b><\/div>\n<p>&nbsp; &nbsp;&nbsp;<span style=\"font-weight: bold; color: var( --e-global-color-text ); font-family: var( --e-global-typography-text-font-family ), Sans-serif; word-spacing: normal; letter-spacing: var(--the7-base-letter-spacing); text-transform: var(--the7-base-text-transform);\">W lipcu i sierpniu Sekretariat jest zamkni\u0119ty.<\/span><\/p>\n<address>&nbsp;<\/address>\n<address><strong>Dyrektor<\/strong><br>ks. dr hab. Jan Wolski<br><abbr title=\"Telefon\">tel.<\/abbr>&nbsp;(42) 664 87 10<br><a href=\"mailto:wolski.j@archidiecezja.lodz.pl\">wolski.j@archidiecezja.lodz.pl<\/a><\/address>\n<address>&nbsp;<\/address>\n<address><strong>Wicedyrektor<\/strong><br>ks. dr Grzegorz Dziewulski<br><abbr title=\"Telefon\">tel.<\/abbr>&nbsp;(42) 664 87 92<br><a href=\"mailto:wicedyr-akw-lodz@archidiecezja.lodz.pl\">wicedyr-akw-lodz@archidiecezja.lodz.pl<\/a><\/address>\n<p><strong>&nbsp;<\/strong><\/p>\n<p><strong>Konto bankowe Instytutu:&nbsp;<\/strong><b>33 1240 3028 1111 0010 1427 1316&nbsp;<\/b><\/p>\n<p><span style=\"font-family: var( --e-global-typography-text-font-family ), Sans-serif; font-weight: var( --e-global-typography-text-font-weight ); letter-spacing: var(--the7-base-letter-spacing); text-transform: var(--the7-base-text-transform); word-spacing: normal;\">(<\/span><span style=\"font-weight: var( --e-global-typography-text-font-weight ); font-size: 12pt; letter-spacing: var(--the7-base-letter-spacing); text-transform: var(--the7-base-text-transform); word-spacing: normal; font-family: 'Times New Roman', 'serif';\">W tytule przelewu wpisa\u0107:&nbsp;<\/span><span style=\"font-weight: var( --e-global-typography-text-font-weight ); font-size: 12pt; letter-spacing: var(--the7-base-letter-spacing); text-transform: var(--the7-base-text-transform); word-spacing: normal; font-family: 'Times New Roman', 'serif';\">Imi\u0119 i Nazwisko, rodzaj studi\u00f3w i rok studi\u00f3w)<\/span><\/p>\n<p><span style=\"font-family: 'Times New Roman', 'serif'; font-size: 12pt; font-weight: var( --e-global-typography-text-font-weight ); letter-spacing: var(--the7-base-letter-spacing); text-transform: var(--the7-base-text-transform); word-spacing: normal;\">&nbsp;<\/span><\/p>\t\t\t\t\t\t\t\t<\/div>\n\t\t\t\t<\/div>\n\t\t\t\t<div class=\"elementor-element elementor-element-27dabfb elementor-widget elementor-widget-image\" data-id=\"27dabfb\" data-element_type=\"widget\" data-e-type=\"widget\" data-widget_type=\"image.default\">\n\t\t\t\t<div class=\"elementor-widget-container\">\n\t\t\t\t\t\t\t\t\t\t\t\t\t\t\t<img fetchpriority=\"high\" decoding=\"async\" width=\"350\" height=\"262\" src=\"https:\/\/www3.archidiecezja.lodz.pl\/akw-it\/wp-content\/uploads\/2022\/06\/budynek.webp\" class=\"attachment-large size-large wp-image-2008\" alt=\"\" srcset=\"https:\/\/www3.archidiecezja.lodz.pl\/akw-it\/wp-content\/uploads\/2022\/06\/budynek.webp 350w, https:\/\/www3.archidiecezja.lodz.pl\/akw-it\/wp-content\/uploads\/2022\/06\/budynek-300x225.webp 300w\" sizes=\"(max-width: 350px) 100vw, 350px\" \/>\t\t\t\t\t\t\t\t\t\t\t\t\t\t\t<\/div>\n\t\t\t\t<\/div>\n\t\t\t\t\t<\/div>\n\t\t<\/div>\n\t\t\t\t<div class=\"elementor-column elementor-col-50 elementor-inner-column elementor-element elementor-element-3fba999\" data-id=\"3fba999\" data-element_type=\"column\" data-e-type=\"column\">\n\t\t\t<div class=\"elementor-widget-wrap elementor-element-populated\">\n\t\t\t\t\t\t<div class=\"elementor-element elementor-element-415896c elementor-widget elementor-widget-heading\" data-id=\"415896c\" data-element_type=\"widget\" data-e-type=\"widget\" data-widget_type=\"heading.default\">\n\t\t\t\t<div class=\"elementor-widget-container\">\n\t\t\t\t\t<h3 class=\"elementor-heading-title elementor-size-default\">Akademia Katolicka w Warszawie<\/h3>\t\t\t\t<\/div>\n\t\t\t\t<\/div>\n\t\t\t\t<div class=\"elementor-element elementor-element-a537d15 elementor-widget elementor-widget-text-editor\" data-id=\"a537d15\" data-element_type=\"widget\" data-e-type=\"widget\" data-widget_type=\"text-editor.default\">\n\t\t\t\t<div class=\"elementor-widget-container\">\n\t\t\t\t\t\t\t\t\t<address>ul. Dewajtis 3<br>01-815 Warszawa<br><abbr title=\"Telefon \/ Faks\">tel.\/faks<\/abbr>&nbsp;(22) 869 98 90<br><a href=\"mailto:sekretariat@akademiakatolicka.pl\">sekretariat@akademiakatolicka.pl<\/a><\/address>\n<address>&nbsp;<\/address>\n<p><strong>Sekretariat przyjmuje interesant\u00f3w:<\/strong><\/p>\n<ul>\n<li>poniedzia\u0142ek, wtorek, pi\u0105tek 09.00-14.00<\/li>\n<li>\u015broda 09.00-15.00 lub \u015broda wyk\u0142adowa 09.00-20.00<\/li>\n<li>czwartek 09.00-15.00 lub czwartek wyk\u0142adowy 09.00-17.00 lub rekrutacyjny 10.00-17.00<\/li>\n<li>sobota wyk\u0142adowa 08.30-20.00<\/li>\n<\/ul>\t\t\t\t\t\t\t\t<\/div>\n\t\t\t\t<\/div>\n\t\t\t\t\t<\/div>\n\t\t<\/div>\n\t\t\t\t\t<\/div>\n\t\t<\/section>\n\t\t\t\t\t<\/div>\n\t\t<\/div>\n\t\t\t\t\t<\/div>\n\t\t<\/section>\n\t\t\t\t<section class=\"elementor-section elementor-top-section elementor-element elementor-element-fc5390f elementor-section-boxed elementor-section-height-default elementor-section-height-default\" data-id=\"fc5390f\" data-element_type=\"section\" data-e-type=\"section\">\n\t\t\t\t\t\t<div class=\"elementor-container elementor-column-gap-default\">\n\t\t\t\t\t<div class=\"elementor-column elementor-col-100 elementor-top-column elementor-element elementor-element-222bb92\" data-id=\"222bb92\" data-element_type=\"column\" data-e-type=\"column\">\n\t\t\t<div class=\"elementor-widget-wrap elementor-element-populated\">\n\t\t\t\t\t\t\t<\/div>\n\t\t<\/div>\n\t\t\t\t\t<\/div>\n\t\t<\/section>\n\t\t\t\t<\/div>\n\t\t","protected":false},"excerpt":{"rendered":"<p>Instytut Teologiczny w \u0141odzi ul. ks. I. Skorupki 790-458 \u0141\u00f3d\u017atel.&nbsp;(42) 664 87 39e-mail:&nbsp;akw-it@archidiecezja.lodz.pl &nbsp; Sekretariat czynny w godz. 9.15-13.00&nbsp;&#8211; wy\u0142\u0105cznie [&hellip;]<\/p>\n","protected":false},"author":1,"featured_media":0,"parent":0,"menu_order":0,"comment_status":"closed","ping_status":"closed","template":"elementor_theme","meta":{"site-sidebar-layout":"default","site-content-layout":"","ast-site-content-layout":"default","site-content-style":"default","site-sidebar-style":"default","ast-global-header-display":"","ast-banner-title-visibility":"","ast-main-header-display":"","ast-hfb-above-header-display":"","ast-hfb-below-header-display":"","ast-hfb-mobile-header-display":"","site-post-title":"","ast-breadcrumbs-content":"","ast-featured-img":"","footer-sml-layout":"","ast-disable-related-posts":"","theme-transparent-header-meta":"","adv-header-id-meta":"","stick-header-meta":"","header-above-stick-meta":"","header-main-stick-meta":"","header-below-stick-meta":"","astra-migrate-meta-layouts":"default","ast-page-background-enabled":"default","ast-page-background-meta":{"desktop":{"background-color":"var(--ast-global-color-5)","background-image":"","background-repeat":"repeat","background-position":"center center","background-size":"auto","background-attachment":"scroll","background-type":"","background-media":"","overlay-type":"","overlay-color":"","overlay-opacity":"","overlay-gradient":""},"tablet":{"background-color":"","background-image":"","background-repeat":"repeat","background-position":"center center","background-size":"auto","background-attachment":"scroll","background-type":"","background-media":"","overlay-type":"","overlay-color":"","overlay-opacity":"","overlay-gradient":""},"mobile":{"background-color":"","background-image":"","background-repeat":"repeat","background-position":"center center","background-size":"auto","background-attachment":"scroll","background-type":"","background-media":"","overlay-type":"","overlay-color":"","overlay-opacity":"","overlay-gradient":""}},"ast-content-background-meta":{"desktop":{"background-color":"var(--ast-global-color-4)","background-image":"","background-repeat":"repeat","background-position":"center center","background-size":"auto","background-attachment":"scroll","background-type":"","background-media":"","overlay-type":"","overlay-color":"","overlay-opacity":"","overlay-gradient":""},"tablet":{"background-color":"var(--ast-global-color-4)","background-image":"","background-repeat":"repeat","background-position":"center center","background-size":"auto","background-attachment":"scroll","background-type":"","background-media":"","overlay-type":"","overlay-color":"","overlay-opacity":"","overlay-gradient":""},"mobile":{"background-color":"var(--ast-global-color-4)","background-image":"","background-repeat":"repeat","background-position":"center center","background-size":"auto","background-attachment":"scroll","background-type":"","background-media":"","overlay-type":"","overlay-color":"","overlay-opacity":"","overlay-gradient":""}},"footnotes":""},"class_list":["post-1597","page","type-page","status-publish","hentry"],"_links":{"self":[{"href":"https:\/\/www3.archidiecezja.lodz.pl\/akw-it\/index.php?rest_route=\/wp\/v2\/pages\/1597","targetHints":{"allow":["GET"]}}],"collection":[{"href":"https:\/\/www3.archidiecezja.lodz.pl\/akw-it\/index.php?rest_route=\/wp\/v2\/pages"}],"about":[{"href":"https:\/\/www3.archidiecezja.lodz.pl\/akw-it\/index.php?rest_route=\/wp\/v2\/types\/page"}],"author":[{"embeddable":true,"href":"https:\/\/www3.archidiecezja.lodz.pl\/akw-it\/index.php?rest_route=\/wp\/v2\/users\/1"}],"replies":[{"embeddable":true,"href":"https:\/\/www3.archidiecezja.lodz.pl\/akw-it\/index.php?rest_route=%2Fwp%2Fv2%2Fcomments&post=1597"}],"version-history":[{"count":3,"href":"https:\/\/www3.archidiecezja.lodz.pl\/akw-it\/index.php?rest_route=\/wp\/v2\/pages\/1597\/revisions"}],"predecessor-version":[{"id":2966,"href":"https:\/\/www3.archidiecezja.lodz.pl\/akw-it\/index.php?rest_route=\/wp\/v2\/pages\/1597\/revisions\/2966"}],"wp:attachment":[{"href":"https:\/\/www3.archidiecezja.lodz.pl\/akw-it\/index.php?rest_route=%2Fwp%2Fv2%2Fmedia&parent=1597"}],"curies":[{"name":"wp","href":"https:\/\/api.w.org\/{rel}","templated":true}]}}