{"id":10,"date":"2015-07-12T16:01:12","date_gmt":"2015-07-12T14:01:12","guid":{"rendered":"http:\/\/archidiecezja.lodz.pl\/lst\/?page_id=10"},"modified":"2026-01-13T21:49:20","modified_gmt":"2026-01-13T20:49:20","slug":"procedury-recenzji","status":"publish","type":"page","link":"https:\/\/www3.archidiecezja.lodz.pl\/lst\/?page_id=10","title":{"rendered":"PROCEDURY RECENZJI"},"content":{"rendered":"<div class=\"slider-wrapper\"><div class=\"ribbon\"><\/div><div id=\"nivoslider-29\" class=\"nivoSlider\"><img decoding=\"async\" src=\"https:\/\/www3.archidiecezja.lodz.pl\/lst\/wp-content\/uploads\/2015\/07\/slajd-1.png\" alt=\"\" \/><img decoding=\"async\" src=\"https:\/\/www3.archidiecezja.lodz.pl\/lst\/wp-content\/uploads\/2015\/07\/slajd-2.png\" alt=\"\" \/><img decoding=\"async\" src=\"https:\/\/www3.archidiecezja.lodz.pl\/lst\/wp-content\/uploads\/2015\/07\/slajd-3.png\" alt=\"\" \/><img decoding=\"async\" src=\"https:\/\/www3.archidiecezja.lodz.pl\/lst\/wp-content\/uploads\/2015\/07\/slajd-4.png\" alt=\"\" \/><img decoding=\"async\" src=\"https:\/\/www3.archidiecezja.lodz.pl\/lst\/wp-content\/uploads\/2015\/07\/slajd-5.png\" alt=\"\" \/><img decoding=\"async\" src=\"https:\/\/www3.archidiecezja.lodz.pl\/lst\/wp-content\/uploads\/2015\/07\/slajd-6.png\" alt=\"\" \/><img decoding=\"async\" src=\"https:\/\/www3.archidiecezja.lodz.pl\/lst\/wp-content\/uploads\/2015\/07\/slajd-7.png\" alt=\"\" \/><img decoding=\"async\" src=\"https:\/\/www3.archidiecezja.lodz.pl\/lst\/wp-content\/uploads\/2015\/07\/slajd-8.png\" alt=\"\" \/><\/div><\/div><script type=\"text\/javascript\">\njQuery(window).load(function(){\n    jQuery(\"#nivoslider-29\").nivoSlider({\n        effect:\"random\",\n        slices:15,\n        boxCols:8,\n        boxRows:4,\n        animSpeed:500,\n        pauseTime:3000,\n        startSlide:0,\n        directionNav:false,\n        controlNav:false,\n        controlNavThumbs:false,\n        pauseOnHover:false,\n        manualAdvance:false\n    });\n});\n<\/script>\n\n<h3>Opis procedury recenzji zewn\u0119trznych tekst\u00f3w zg\u0142oszonych do publikacji w\u00a0\u201e\u0141\u00f3dzkich Studiach Teologicznych\u201d<\/h3>\n<p>Przebieg procedury recenzyjnej rozpraw i artyku\u0142\u00f3w recenzyjnych zgodny jest z zaleceniami Ministerstwa Nauki i Szkolnictwa Wy\u017cszego. Procedura recenzyjna przebiega z zachowaniem zasad poufno\u015bci i ma charakter dwustronnie anonimowy. Sporz\u0105dzenie recenzji powierza si\u0119 specjalistom w dziedzinie, kt\u00f3rej dotyczy recenzowany tekst. Ka\u017cda recenzja przygotowywana jest na opracowanym przez Redakcj\u0119 formularzu. Autor nadsy\u0142aj\u0105c tekst do Redakcji \u201e\u0141\u00f3dzkich Studi\u00f3w Teologicznych\u201d tym samym godzi si\u0119 na poddanie tekstu procedurze recenzyjnej, kt\u00f3ra przebiega w spos\u00f3b nast\u0119puj\u0105cy:<\/p>\n<p>&nbsp;<\/p>\n<ol>\n<li>Oceny wst\u0119pnej, przy uwzgl\u0119dnieniu kryteri\u00f3w formalnych, dokonuje Redakcja, autor za\u015b informowany jest o przekazaniu tekstu do recenzji b\u0105d\u017a rezygnacji z tekstu.<\/li>\n<li>Tekst w formie anonimowej wraz z formularzem oceny przekazuje si\u0119 dw\u00f3m lub wi\u0119cej ni\u017c dw\u00f3m recenzentom zewn\u0119trznym, kt\u00f3rzy zobowi\u0105zuj\u0105 si\u0119, \u017ce nie wykorzystaj\u0105 wiedzy na temat ocenianego tekstu przed jego publikacj\u0105 na \u0142amach \u201e\u0141\u00f3dzkich Studi\u00f3w Teologicznych\u201d.<\/li>\n<li>Po otrzymaniu recenzji Redakcja podejmuje decyzj\u0119 o publikacji tekstu lub jego odrzuceniu.<\/li>\n<li>Jednocze\u015bnie Redakcja zachowuje sobie prawo do zaproponowania na podstawie opinii w\u0142asnych b\u0105d\u017a recenzent\u00f3w poprawek, od kt\u00f3rych realizacji przez autora uzale\u017cnia si\u0119 ostateczn\u0105 decyzj\u0119 o publikacji.<\/li>\n<li>Po ostatecznym zatwierdzeniu do druku tekst zostaje poddany redakcji merytorycznej, j\u0119zykowej oraz adiustacji.<\/li>\n<li>Lista wsp\u00f3\u0142pracuj\u0105cych z Redakcj\u0105 recenzent\u00f3w jest publikowana dorocznie w\u00a0ka\u017cdym czwartym numerze \u201e\u0141\u00f3dzkich Studi\u00f3w Teologicznych\u201d.<\/li>\n<li>Przewidywany czas procedowania manuskrypt\u00f3w wynosi 90 dni. Czasopismo nie pobiera \u017cadnych op\u0142at\u00a0z\u00a0tego tytu\u0142u.<\/li>\n<\/ol>\n<p style=\"text-align: right;\"><strong>Kolegium Redakcyjne \u201e\u0141\u00f3dzkich Studi\u00f3w Teologicznych\u201d<\/strong><\/p>\n<p>&nbsp;<\/p>\n<p>&nbsp;<\/p>\n","protected":false},"excerpt":{"rendered":"<p>Opis procedury recenzji zewn\u0119trznych tekst\u00f3w zg\u0142oszonych do publikacji w\u00a0\u201e\u0141\u00f3dzkich Studiach Teologicznych\u201d Przebieg procedury recenzyjnej rozpraw i artyku\u0142\u00f3w recenzyjnych zgodny jest z zaleceniami Ministerstwa Nauki i Szkolnictwa Wy\u017cszego. Procedura recenzyjna przebiega z zachowaniem zasad poufno\u015bci i ma charakter dwustronnie anonimowy. Sporz\u0105dzenie recenzji powierza si\u0119 specjalistom w dziedzinie, kt\u00f3rej dotyczy recenzowany tekst. Ka\u017cda recenzja przygotowywana jest na [&hellip;]<\/p>\n","protected":false},"author":3,"featured_media":0,"parent":0,"menu_order":0,"comment_status":"closed","ping_status":"open","template":"template-front.php","meta":{"footnotes":""},"class_list":["post-10","page","type-page","status-publish","hentry"],"_links":{"self":[{"href":"https:\/\/www3.archidiecezja.lodz.pl\/lst\/index.php?rest_route=\/wp\/v2\/pages\/10","targetHints":{"allow":["GET"]}}],"collection":[{"href":"https:\/\/www3.archidiecezja.lodz.pl\/lst\/index.php?rest_route=\/wp\/v2\/pages"}],"about":[{"href":"https:\/\/www3.archidiecezja.lodz.pl\/lst\/index.php?rest_route=\/wp\/v2\/types\/page"}],"author":[{"embeddable":true,"href":"https:\/\/www3.archidiecezja.lodz.pl\/lst\/index.php?rest_route=\/wp\/v2\/users\/3"}],"replies":[{"embeddable":true,"href":"https:\/\/www3.archidiecezja.lodz.pl\/lst\/index.php?rest_route=%2Fwp%2Fv2%2Fcomments&post=10"}],"version-history":[{"count":8,"href":"https:\/\/www3.archidiecezja.lodz.pl\/lst\/index.php?rest_route=\/wp\/v2\/pages\/10\/revisions"}],"predecessor-version":[{"id":1677,"href":"https:\/\/www3.archidiecezja.lodz.pl\/lst\/index.php?rest_route=\/wp\/v2\/pages\/10\/revisions\/1677"}],"wp:attachment":[{"href":"https:\/\/www3.archidiecezja.lodz.pl\/lst\/index.php?rest_route=%2Fwp%2Fv2%2Fmedia&parent=10"}],"curies":[{"name":"wp","href":"https:\/\/api.w.org\/{rel}","templated":true}]}}