{"id":190,"date":"2015-07-14T15:46:22","date_gmt":"2015-07-14T13:46:22","guid":{"rendered":"http:\/\/archidiecezja.lodz.pl\/lst\/?page_id=190"},"modified":"2026-04-21T20:38:37","modified_gmt":"2026-04-21T18:38:37","slug":"recenzenci","status":"publish","type":"page","link":"https:\/\/www3.archidiecezja.lodz.pl\/lst\/?page_id=190","title":{"rendered":"Recenzenci"},"content":{"rendered":"<div class=\"slider-wrapper\"><div class=\"ribbon\"><\/div><div id=\"nivoslider-29\" class=\"nivoSlider\"><img decoding=\"async\" src=\"https:\/\/www3.archidiecezja.lodz.pl\/lst\/wp-content\/uploads\/2015\/07\/slajd-1.png\" alt=\"\" \/><img decoding=\"async\" src=\"https:\/\/www3.archidiecezja.lodz.pl\/lst\/wp-content\/uploads\/2015\/07\/slajd-2.png\" alt=\"\" \/><img decoding=\"async\" src=\"https:\/\/www3.archidiecezja.lodz.pl\/lst\/wp-content\/uploads\/2015\/07\/slajd-3.png\" alt=\"\" \/><img decoding=\"async\" src=\"https:\/\/www3.archidiecezja.lodz.pl\/lst\/wp-content\/uploads\/2015\/07\/slajd-4.png\" alt=\"\" \/><img decoding=\"async\" src=\"https:\/\/www3.archidiecezja.lodz.pl\/lst\/wp-content\/uploads\/2015\/07\/slajd-5.png\" alt=\"\" \/><img decoding=\"async\" src=\"https:\/\/www3.archidiecezja.lodz.pl\/lst\/wp-content\/uploads\/2015\/07\/slajd-6.png\" alt=\"\" \/><img decoding=\"async\" src=\"https:\/\/www3.archidiecezja.lodz.pl\/lst\/wp-content\/uploads\/2015\/07\/slajd-7.png\" alt=\"\" \/><img decoding=\"async\" src=\"https:\/\/www3.archidiecezja.lodz.pl\/lst\/wp-content\/uploads\/2015\/07\/slajd-8.png\" alt=\"\" \/><\/div><\/div><script type=\"text\/javascript\">\njQuery(window).load(function(){\n    jQuery(\"#nivoslider-29\").nivoSlider({\n        effect:\"random\",\n        slices:15,\n        boxCols:8,\n        boxRows:4,\n        animSpeed:500,\n        pauseTime:3000,\n        startSlide:0,\n        directionNav:false,\n        controlNav:false,\n        controlNavThumbs:false,\n        pauseOnHover:false,\n        manualAdvance:false\n    });\n});\n<\/script>\n\n\n\n\n\n\n<h4 class=\"wp-block-heading\"><strong>Recenzenci tomu 35(2026)1\u20134<\/strong><\/h4>\n\n\n\n<p>o. dr Karol Adamczewski OFMConv. (KUL, Lublin)<br>\nks. dr hab. Przemys\u0142aw Artemiuk, prof. UKSW<br>\nks. dr hab. Piotr Aszyk SJ, prof. AKW<br>\nks. dr Waldemar Bartocha (UKSW, Warszawa)<br>\nks. prof. dr hab. Tadeusz Biesaga SDB (UPJPII, Krak\u00f3w)<br>\ndr Dariusz Che\u0142stowski, Wydzia\u0142 Teologii Prawos\u0142awnej, Uniwersytet Preszowski w Preszowie (S\u0142owacja)<br>\ndr hab. Katarzyna Flader-Rzeszowska, prof. UKSW<br>\nks. prof. dr hab. Piotr Kroczek (UPJPII, Krak\u00f3w)<br>\nks. dr hab. Dariusz Kucharski, prof. UKSW<br>\nks. dr Karol Litawa (UPJPII, Krak\u00f3w)<br>\nks. dr hab. Miros\u0142aw Michalski, prof. ChAT<br>\nks. dr hab. Pawe\u0142 Rabczy\u0144ski, prof. UWM<br>\ndr hab. Marta Roma\u0144czuk-Gr\u0105cka, prof. UWM<br>\nks. dr Micha\u0142 Oleksowicz (UMK, Toru\u0144)<\/p>\n\n\n\n<h4 class=\"wp-block-heading\"><strong>Recenzenci tomu 34(2025)1\u20134<\/strong><\/h4>\n\n\n\n<p>ks. dr Waldemar Bartocha (UKSW, Warszawa)<br>\no. dr hab. Grzegorz M. Bartosik, prof. UKSW<br>\ndoc. dr Ihor Karivets (Politechnika Lwowska)<br>\nprof. dr hab. Ryszard Kleszcz (Uniwersytet \u0141\u00f3dzki)<br>\nks. prof. dr hab. Marian Kowalczyk (UKSW, Warszawa)<br>\ndr dk. \u0141ukasz Leonkiewicz (Prawos\u0142awne Seminarium Duchowne w Warszawie)<br>\nks. dr Karol Litawa (UPJPII, Krak\u00f3w)<br>\nks. prof. dr hab. Jacek Nowak (UKSW, Warszawa)<br>\nks. dr&nbsp;Micha\u0142 Oleksowicz (UMK, Toru\u0144)<br>\nks. prof. dr hab. Piotr Roszak (UMK, Toru\u0144)<br>\nks. dr hab. Mieczys\u0142aw R\u00f3\u017ca\u0144ski, prof. UWM<br>\nks. prof. dr hab. Dariusz Zag\u00f3rski (UMK, Toru\u0144)<br>\nks. prof. dr hab. Andrzej Zwoli\u0144ski (UPJPII, Krak\u00f3w)<\/p>\n\n\n\n<h4 class=\"wp-block-heading\"><strong>Recenzenci tomu 33(2024)1\u20134<\/strong><\/h4>\n\n\n\n<p>ks. dr hab. Przemys\u0142aw Artemiuk, prof. UKSW<br>\nks. dr hab. Jaros\u0142aw Babi\u0144ski, prof. UKSW<br>\ndr hab. Marek Bielecki, prof. ASzWoj<br>\nks. prof. dr hab. Ginter Dzier\u017con (UKSW, Warszawa)<br>\nks. prof. dr hab. Tomasz Ga\u0142kowski (UKSW, Warszawa)<br>\nks. prof. dr hab. Konrad Glombik (Uniwersytet Opolski)<br>\nks. dr hab. Krzysztof Gryz (UPJPII, Krak\u00f3w)<br>\ndr hab. Marek Kita, prof. U\u015a<br>\ndr Mateusz Kot (UKSW, Warszawa)<br>\ndr hab. Rados\u0142aw Krajewski, prof. UKW<br>\ndr \u0141ukasz Kucharczyk (UKSW, Warszawa)<br>\nks. prof. dr hab. Grzegorz Leszczy\u0144ski (Uniwersytet \u0141\u00f3dzki)<br>\nks. dr hab. Waldemar Linke, prof. UKSW<br>\ndr Piotr \u0141uczuk, (UKSW, Warszawa)<br>\ndr hab. Marta Osuchowska, prof. UKSW<br>\nks. prof. dr hab.&nbsp;Andrzej Perzy\u0144ski (UKSW, Warszawa)<br>\ndr Pawe\u0142 P\u0142atek (UKSW, Warszawa)<br>\nks. dr hab. Mieczys\u0142aw R\u00f3\u017ca\u0144ski, prof. UWM<br>\nks. dr hab. Marek Saj, prof. UKSW<br>\nks. dr hab. Krzysztof St\u0119pniak, prof. UKSW<br>\ndr hab. Adam Zadroga, prof. KUL<\/p>\n\n\n\n<h4 class=\"wp-block-heading\"><strong>Recenzenci tomu 32(2023)1\u20134<\/strong><\/h4>\n\n\n\n<p>ks. dr hab. Przemys\u0142aw Artemiuk, prof. UKSW<br>\nks. dr Marcin Cholewa (UPJPII, Krak\u00f3w)<br>\nks. prof. dr hab. Micha\u0142 Dro\u017cd\u017c (UPJPII, Krak\u00f3w)<br>\nks. prof. dr hab. Szymon Drzy\u017cd\u017cyk (UPJPII, Krak\u00f3w)<br>\nks. dr hab. Pawe\u0142 Kiejkowski, prof. UAM<br>\ndr hab. Marek Kita (U\u015a, Katowice)<br>\ndr hab. Marek Mosakowski, prof. UG<br>\nks. dr hab. Kazimierz Pek, prof. KUL<br>\nks. dr hab. Mateusz Potoczny, prof. UO<br>\ndr hab. Mieczys\u0142aw Rokosz, em. prof. Akademii Ignatianum<br>\nks. dr hab. Robert Skrzypczak, prof. AKW<br>\nks. dr hab. Krzysztof St\u0119pniak, prof. UKSW<br>\nks. dr hab. Jaros\u0142aw Superson (UPJPII, Krak\u00f3w)<br>\nks. dr Przemys\u0142aw Szewczyk&nbsp;(WSD \u0141\u00f3d\u017a)<br>\ndr hab. Zenon Piech, prof. UJ<br>\nks. prof. dr hab. W\u0142odzimierz Wo\u0142yniec (PWT, Wroc\u0142aw)<br>\nks. prof. dr hab. Andrzej \u017b\u0105d\u0142o (U\u015a w Katowicach)<\/p>\n\n\n\n<h4 class=\"wp-block-heading\"><strong>Recenzenci tomu 31(2022)1\u20134<\/strong><\/h4>\n\n\n\n<p>ks. dr hab. Grzegorz Bachanek, prof. UKSW<br>\nks. dr Waldemar Bartocha (UKSW Warszawa)<br>\nks. dr Tomasz B\u0105k (KUL, Lublin)<br>\nks. prof. dr hab. Krzysztof G\u00f3\u017ad\u017a (KUL, Lublin)<br>\nks. dr Jacek Kacprzak (WSD \u0141\u00f3d\u017a)<br>\nks. dr hab. Wac\u0142aw Kr\u00f3likowski SJ, prof. AKW<br>\nks. dr Dariusz Kucharek (Akademia Katolicka w Warszawie)<br>\nks. dr hab. Krzysztof Marcy\u0144ski, prof. UKSW<br>\nks. dr hab. Norbert Moj\u017cyn, prof. UKSW<br>\nks. prof. dr hab. Andrzej Perzy\u0144ski (UKSW, Warszawa)<br>\nks. dr Marcin Pietrzyk (WSD \u0141\u00f3d\u017a)<br>\ndr Pawe\u0142 P\u0142atek (UKSW, Warszawa)<br>\nks. dr hab. Mieczys\u0142aw R\u00f3\u017ca\u0144ski, prof. UWM<br>\ns. prof. dr hab. Adelajda Sielepin (UPJPII, Krak\u00f3w)<br>\nks. dr hab. Ambro\u017cy Skorupa, prof. KUL<br>\nks. dr Jaros\u0142aw Sobkowiak (UKSW, Warszawa)<br>\ns. dr hab. Bo\u017cena Szewczul, prof. UKSW<br>\nks. prof. dr hab. Janusz Szulist (UMK, Toru\u0144)<br>\ndr Mateusz Tutak (UKSW, Warszawa)<br>\nks. dr hab. Jan Wolski (WSD \u0141\u00f3d\u017a)<br>\nks. prof. dr hab. Miros\u0142aw Wr\u00f3bel (KUL, Lublin)<br>\nks. dr Arnold Zawadzki (KUL, Lublin)<br>\ndr hab. Dominika \u017bukowska-Gardzi\u0144ska, prof. UKSW<\/p>\n\n\n\n<h4 class=\"wp-block-heading\"><\/h4>\n\n\n\n<h4 class=\"wp-block-heading\"><strong>Recenzenci tomu 30(2021)1\u20134<\/strong><\/h4>\n\n\n\n<p>ks. dr Waldemar Bartocha (UKSW Warszawa)<br>\nks. dr Tomasz B\u0105k (KUL, Lublin)<br>\nks. dr hab. Rados\u0142aw B\u0142aszczyk SDB (WSDTS, L\u0105d)<br>\nks. prof. UKSW dr hab. Arkadiusz Domaszk<br>\nks. dr Grzegorz Dziewulski (WSD, \u0141\u00f3d\u017a)<br>\ndr hab. Sebastian Ga\u0142ecki (Uniwersytet Humanistyczno-Przyrodniczy im. Jana D\u0142ugosza w Cz\u0119stochowie)<br>\nks. prof. UKSW dr hab. Waldemar Gli\u0144ski<br>\nks. dr Zbigniew Grochowski (UKSW, Warszawa)<br>\nprof. UKSW dr hab. Anna Koz\u0142owska<br>\nks. dr Dariusz Kucharski (UKSW, Warszawa)<br>\nks. dr Dariusz Kucharek (Akademia Katolicka w Warszawie)<br>\nprof. UKSW dr hab. Grzegorz \u0141\u0119cicki<br>\nks. dr Karol Litawa (UPJPII, Krak\u00f3w)<br>\nks. prof. UKSW dr hab. J\u00f3zef \u0141upi\u0144ski<br>\ndr Agnieszka Nowak (UKSW, Warszawa)<br>\nks. dr hab. Tadeusz Pabjan, prof. UPJPII<br>\nks. prof. UO dr hab. Mateusz Potoczny<br>\nks. prof. UWM dr hab. Mieczys\u0142aw R\u00f3\u017ca\u0144ski<br>\nks. prof. UKSW dr hab. Stanis\u0142aw Skobel<br>\nks. dr Przemys\u0142aw Szewczyk (WSD, \u0141\u00f3d\u017a)<br>\nks. prof. UPS dr Miros\u0142aw Wierzbicki SDB<\/p>\n\n\n\n<h4 class=\"wp-block-heading\"><strong>Recenzenci tomu 29(2020)1\u20134<\/strong><\/h4>\n\n\n\n<p>ks. dr Tomasz B\u0105k (KUL, Lublin)<br>\nprof. UKSW dr hab. Piotr Drzewiecki<br>\nks. dr Grzegorz Dziewulski (WSD, \u0141\u00f3d\u017a)<br>\nks. dr Zbigniew Micha\u0142 G\u0142owacki (KUL, Lublin)<br>\nks. dr Zbigniew Grochowski (UKSW, Warszawa)<br>\nprof. UPJPII dr hab. Marek Kita<br>\nks. dr Dariusz Kucharek (Akademia Katolicka w Warszawie)<br>\nprof. UKSW dr hab. Grzegorz \u0141\u0119cicki<br>\nks. prof. KUL dr hab. Piotr Kulbacki<br>\nks. prof. UO dr hab. Mateusz Potoczny<br>\nks. prof. UWM dr hab. Mieczys\u0142aw R\u00f3\u017ca\u0144ski<br>\nks. prof. UKSW dr hab. Stanis\u0142aw Skobel<br>\nks. prof. UKSW dr hab. Krzysztof St\u0119pniak<br>\nks. prof. dr hab. Zbigniew Wanat (UMK, Toru\u0144)<\/p>\n\n\n\n<h4 class=\"wp-block-heading\"><strong>Recenzenci tomu 28(2019)1\u20134<\/strong><\/h4>\n\n\n\n<p>Ks. dr Krzysztof Filipowicz (WT UKSW, Warszawa)<br>\nprof. U\u0141 dr hab. Piotr Gryglewski (U\u0141, \u0141\u00f3d\u017a)<br>\nDr Pawe\u0142 Kuca (UR, Rzesz\u00f3w)<br>\nKs. prof. PWT dr hab. Jaros\u0142aw Mariusz Lipniak (PWT, Wroc\u0142aw)<br>\nprof. UKSW, dr hab. Grzegorz \u0141\u0119cicki (UKSW, Warszawa)<br>\nKs. dr hab. Krzysztof St\u0119pniak, Wydzia\u0142 Teologiczny UKSW<br>\ndr hab. Marek Mazur (U\u015a, Katowice)<br>\ndr Agnieszka Zar\u0119ba (KUL, Lublin)<br>\ndr hab. Rajmund Porada (WT UO, Opole)<br>\nprof. UKSW dr hab. Janusz Gr\u0119\u017alikowski (UKSW, Warszawa)<br>\nprof. KUL dr hab. Maciej Jo\u0144ca (KUL, Lublin)<br>\nprof. KUL dr hab. Piotr Kulbacki (KUL, Lublin)<br>\nprof. dr hab. Janusz Nawrot (UAM, Pozna\u0144)<br>\nprof. UKSW dr hab. Marek Saj (UKSW, Warszawa)<br>\nprof. dr hab. Jan Perszon (UMK, Toru\u0144)<br>\nprof. UWM dr hab. Mieczys\u0142aw R\u00f3\u017ca\u0144ski (UWM, Olsztyn)<br>\nprof. KUL dr hab. Alina Rynio (KUL, Lublin)<br>\nprof. US dr hab. Grzegorz Wejman (US, Szczecin)<br>\nprof. SAN dr hab. Zofia Wilk-Wo\u015b (SAN, \u0141\u00f3d\u017a)<\/p>\n\n\n\n<h4 class=\"wp-block-heading\"><strong>Recenzenci tomu 27(2018)1\u20134<\/strong><\/h4>\n\n\n\n<p>prof. WSIiZ dr hab. Andrzej Adamski (WSIiZ, Rzesz\u00f3w)<br>\nks. dr Tomasz J. Chlebowski (PUSK, Rzym)<br>\ndr hab. Urszula Doliwa (UWM, Olsztyn)<br>\nprof. U\u0141 dr hab. K. Ka\u017amierska (U\u0141, \u0141\u00f3d\u017a)<br>\nprof. dr hab. Karol Klauza (KUL, Lublin)<br>\nprof. KUL dr hab. Piotr Kulbacki (KUL, Lublin)<br>\nks. prof. dr hab. Grzegorz Leszczy\u0144ski (U\u0141, \u0141\u00f3d\u017a)<br>\nks. dr Karol Litawa (UPJPII, Krak\u00f3w)<br>\ns. dr hab. Joanna Nowi\u0144ska SM (UPJPII, Krak\u00f3w)<br>\nprof. UKSW dr hab. Monika Przybysz (UKSW, Warszawa)<br>\ndr \u0141ukasz Przybysz (UW, Warszawa)<br>\nprof. UMCS dr hab. Dariusz S\u0142apek, (UMCS, Lublin)<br>\nks. prof. dr hab. Jan S\u0142omka (U\u015a, Katowice)<br>\ndr hab. Marek St\u0119pniak (WSPZ, \u0141\u00f3d\u017a)<br>\nks. dr Arnold Zawadzki (KUL, Lublin)<br>\nks. prof. UKSW dr hab. Wojciech Zawadzki (UKSW, Warszawa)<\/p>\n\n\n\n<h4 class=\"wp-block-heading\">Recenzenci tomu 26(2017)1\u20134<\/h4>\n\n\n\n<p>ks. dr Adam Adamski COr (UAM Pozna\u0144)<br>\nks. prof. UKSW dr hab. Janusz Gr\u0119\u017alikowski (UKSW, Warszawa)<br>\nprof. KUL dr hab. Maciej Jo\u0144ca (KUL, Lublin)<br>\nks. prof. KUL dr hab. Piotr Kulbacki (KUL, Lublin)<br>\nks. prof. dr hab. Janusz Nawrot (UAM, Pozna\u0144)<br>\no. prof. UKSW dr hab. Marek Saj (UKSW, Warszawa)<br>\nks. prof. dr hab. Jan Perszon (UMK, Toru\u0144)<br>\nks. prof. dr hab. Andrzej Perzy\u0144ski (UKSW, Warszawa)<br>\nprof. UP dr hab. Andrzej Ryk (UP, Krak\u00f3w)<br>\nprof. KUL dr hab. Alina Rynio (KUL, Lublin)<br>\nks. prof. UWM dr hab. Mieczys\u0142aw R\u00f3\u017ca\u0144ski (UWM, Olsztyn)<br>\nks. prof. dr hab. Jan S\u0142omka (U\u015a, Katowice)<br>\nprof. SAN dr hab. Zofia Wilk-Wo\u015b (Spo\u0142eczna Akademia Nauk, \u0141\u00f3d\u017a)<\/p>\n\n\n\n<h4 class=\"wp-block-heading\"><strong>Recenzenci tomu 25(2016)1\u20134<\/strong><\/h4>\n\n\n\n<p>ks. prof. UKSW dr hab. Andrzej Adamski, (UKSW, Warszawa)<br>\nks. dr Wojciech B\u0142aszczyk (Boliwijski Uniwersytet Katolicki)<br>\ndr Damian Guzek (U\u015a, Katowice)<br>\nprof. UKSW dr hab. Piotr Drzewiecki (UKSW, Warszawa)<br>\nks. prof. UKSW dr hab. Janusz Gr\u0119\u017alikowski (UKSW, Warszawa)<br>\nbp prof. dr hab. Andrzej F. Dziuba (UKSW, Warszawa)<br>\ndr hab. Maciej Jo\u0144ca (KUL, Lublin)<br>\nks. prof. KUL dr hab. Piotr Kulbacki (KUL, Lublin)<br>\no. prof. dr hab. Celestyn Napi\u00f3rkowski OFM Conv (KUL, Lublin)<br>\nks. prof. dr hab. Janusz Nawrot (UAM, Pozna\u0144)<br>\nks. prof. UKSW dr hab. Jan Niew\u0119g\u0142owski (UKSW, Warszawa)<br>\nks. prof. dr hab. Jan Perszon (UMK, Toru\u0144)<br>\nks. prof. UWM dr hab. Mieczys\u0142aw R\u00f3\u017ca\u0144ski (UWM, Olsztyn)<br>\no. prof. UKSW dr hab. Marek Saj (UKSW, Warszawa)<br>\nprof. KUL dr hab. Alina Rynio (KUL, Lublin)<br>\nprof. SAN dr hab. Zofia Wilk-Wo\u015b (Spo\u0142eczna Akademia Nauk, \u0141\u00f3d\u017a)<\/p>\n\n\n\n<p><strong>Recenzenci tomu 24(2015)1\u20134<\/strong><\/p>\n\n\n\n<p>ks. prof. dr hab. Tadeusz Biesaga SDB (UJ \u2013 UPJPII, Krak\u00f3w)<br>\nprof. dr hab. Barbara Bogo\u0142\u0119bska (U\u0141, \u0141\u00f3d\u017a)<br>\nprof. U\u0141 dr hab. Jolanta Daszy\u0144ska (U\u0141, \u0141\u00f3d\u017a)<br>\nks. prof. UPJPII dr hab. Micha\u0142 Dr\u00f3\u017cd\u017c (UPJPII, Krak\u00f3w)<br>\nprof. UKSW dr hab. Piotr Drzewiecki (UKSW, Warszawa)<br>\ndr Rafa\u0142 Majda (U\u0141, \u0141\u00f3d\u017a)<br>\no. prof. PWT dr hab. Jacek Kici\u0144ski CMF (PWT, Wroc\u0142aw)<br>\nprof. KUL dr hab. Agnieszka Lekka-Kowalik, (KUL, Lublin)<br>\nks. prof dr hab. Piotr Moskal (KUL, Lublin)<br>\nks. prof. dr hab. Andrzej Perzy\u0144ski (UKSW, Warszawa)<br>\no. prof. UKSW dr hab. Marek Saj (UKSW, Warszawa)<br>\nks. prof. dr hab. Jan S\u0142omka (U\u015a, Katowice)<br>\nks. dr hab. Marek St\u0119pniak (WSPiB, \u0141\u00f3d\u017a)<br>\nprof. KUL dr hab. Robert Ptaszek (KUL, Lublin)<br>\nks. prof. KUL dr hab. Anzelm Weiss (KUL, Lublin)<br>\nks. prof. dr hab. Stanis\u0142aw Urba\u0144ski (UKSW, Warszawa)<br>\nks. dr Arnold Zawadzki (KUL, Lublin)<br>\nks. prof. UKSW dr hab. Wojciech Zawadzki (UKSW, Warszawa)<\/p>\n\n\n\n<p><strong>Recenzenci tomu 23(2014)1\u20134<\/strong><\/p>\n\n\n\n<p>prof. dr hab. Barbara Bogo\u0142\u0119bska (U\u0141, \u0141\u00f3d\u017a)<br>\nprof. UKSW dr hab. Piotr Drzewiecki (UKSW, Warszawa)<br>\nks. prof. UKSW dr hab. Waldemar Gli\u0144ski (UKSW, Warszawa)<br>\nks. prof. UKSW dr hab. Janusz Gr\u0119\u017alikowski (UKSW, Warszawa)<br>\nks. prof. UKSW dr hab. J\u00f3zef \u0141upi\u0144ski (UKSW, Warszawa)<br>\nks. prof. dr hab. Andrzej Perzy\u0144ski (UKSW, Warszawa)<br>\nks. prof. UWM dr hab. Mieczys\u0142aw R\u00f3\u017ca\u0144ski (UWM, Olsztyn)<br>\nks. dr hab. Dariusz Klejnowski-R\u00f3\u017cycki (UO, Opole)<br>\no. prof. UKSW dr hab. Marek Saj (UKSW, Warszawa)<br>\nks. prof. dr hab. Jan S\u0142omka (U\u015a, Katowice)<br>\nks. dr hab. Marek St\u0119pniak (WSPiB, \u0141\u00f3d\u017a)<br>\nks. prof. dr hab. Jan Perszon (UMK, Toru\u0144)<br>\nprof. KUL dr hab. Robert Ptaszek (KUL, Lublin)<br>\nprof. dr hab. Alina Rynio (KUL, Lublin)<br>\nks. dr hab. Jan Wolski (WSD, \u0141\u00f3d\u017a)<br>\nks. prof. UKSW dr hab. Wojciech Zawadzki (UKSW, Warszawa)<\/p>\n\n\n\n<p><strong>Recenzenci tomu 22(2013)<\/strong><\/p>\n\n\n\n<p>prof. UKSW dr hab. Artur Andrzejuk<br>\nks. prof. UKSW dr hab. Tadeusz B\u0105k<br>\ndr hab. Piotr Drzewiecki<br>\nks. dr hab. Waldemar Gli\u0144ski<br>\nks. dr hab. Ignacy Kosmana<br>\nks. prof. UPJPII dr hab. Janusz Kr\u00f3likowski<br>\nks. dr Piotr Kulbacki<br>\nks. dr Waldemar Kulbat<br>\nks. prof. dr hab. Grzegorz Leszczy\u0144ski<br>\nks. prof. UKSW dr hab. Andrzej Perzy\u0144ski<br>\nks. dr Roman Piwowarczyk<br>\nks. dr hab. Mieczys\u0142aw R\u00f3\u017ca\u0144ski<br>\nks. dr hab. Jan Wolski<\/p>\n\n\n\n<p><strong>Recenzenci tomu 21(2012)<\/strong><\/p>\n\n\n\n<p>prof. UKSW dr hab. Artur Andrzejuk<br>\nks. dr Wojciech B\u0142aszczyk<br>\no. dr Wies\u0142aw Dawidowski OSA<br>\ndr Piotr Drzewiecki<br>\nks. prof. UKSW dr hab. Tomasz Ga\u0142kowski CP<br>\nks. dr hab. Waldemar Gli\u0144ski<br>\nks. dr Jacek Kacprzak<br>\nks. dr Piotr Kulbacki<br>\nks. dr Waldemar Kulbat<br>\nks. prof. dr hab. Grzegorz Leszczy\u0144ski<br>\nks. prof. UKSW dr hab. Andrzej Perzy\u0144ski<br>\nks. dr Roman Piwowarczyk<br>\nks. dr hab. Mieczys\u0142aw R\u00f3\u017ca\u0144ski<br>\nks. dr hab. Marek St\u0119pniak<br>\nks. dr hab. S\u0142awomir Szczyrba<br>\ndr Agnieszka Grali\u0144ska-Toborek<br>\nks. dr hab. Jan Wolski<\/p>\n\n\n\n<p><strong>Recenzenci tomu 20(2011)<\/strong><\/p>\n\n\n\n<p>prof. dr hab. Barbara Bogo\u0142\u0119bska<br>\ndr Piotr Drzewiecki<br>\nks. dr Marek Dziewiecki<br>\nks. dr Grzegorz Dziewulski<br>\nks. prof. UKSW dr hab. Tomasz Ga\u0142kowski<br>\nks. prof. dr hab. W\u0142adys\u0142aw G\u0142owa<br>\nks. prof. dr hab. Wojciech G\u00f3ralski<br>\nks. dr Marek Kaczmarek<br>\nks. dr W\u0142odzimierz Kujawin<br>\nks. dr Waldemar Kulbat<br>\nks. prof. dr hab. Grzegorz Leszczy\u0144ski<br>\nprof. dr hab. El\u017cbieta Olejniczakowa<br>\nks. prof. dr hab. Andrzej Perzy\u0144ski<br>\nks. dr Roman Piwowarczyk<br>\nks. dr Piotr Przesmycki<br>\ndr hab. Zenon Roskal<br>\nks. dr hab. Mieczys\u0142aw R\u00f3\u017ca\u0144ski<br>\nks. dr hab. Marek St\u0119pniak<br>\nks. dr Edward Wieczorek<br>\nks. prof. dr hab. Stanis\u0142aw Warzeszak<br>\nks. dr hab. Jan Wolski<br>\nks. dr Arnold Zawadzki<\/p>\n\n\n\n<p><strong>Recenzenci tomu 19(2010)<\/strong><\/p>\n\n\n\n<p>prof. dr hab. Artur Andrzejuk<br>\ndr Piotr Drzewiecki<br>\nks. dr Marek Dziewiecki<br>\nks. dr Grzegorz Dziewulski<br>\nks. prof. dr hab. Tomasz Ga\u0142kowski<br>\nks. prof. dr hab. W\u0142adys\u0142aw G\u0142owa<br>\ndr Kazimierz Krajewski<br>\ndr Waldemar Kulbat<br>\nks. prof. dr hab. Grzegorz Leszczy\u0144ski<br>\nks. prof. dr hab. Andrzej Perzy\u0144ski<br>\nks. dr Piotr Przesmycki,<br>\nks. dr Mieczys\u0142aw R\u00f3\u017ca\u0144ski<br>\nks. dr Marek St\u0119pniak<br>\nks. prof. dr hab. Grzegorz Wejman<br>\nks. dr Marek Wochna,<br>\nks. dr Jan Wolski<br>\nks. dr Arnold Zawadzki<\/p>\n\n\n\n<p>&nbsp;<\/p>\n","protected":false},"excerpt":{"rendered":"<p>Recenzenci tomu 35(2026)1\u20134 o. dr Karol Adamczewski OFMConv. (KUL, Lublin) ks. dr hab. Przemys\u0142aw Artemiuk, prof. UKSW ks. dr hab. Piotr Aszyk SJ, prof. AKW ks. dr Waldemar Bartocha (UKSW, Warszawa) ks. prof. dr hab. Tadeusz Biesaga SDB (UPJPII, Krak\u00f3w) dr Dariusz Che\u0142stowski, Wydzia\u0142 Teologii Prawos\u0142awnej, Uniwersytet Preszowski w Preszowie (S\u0142owacja) dr hab. Katarzyna Flader-Rzeszowska, [&hellip;]<\/p>\n","protected":false},"author":3,"featured_media":0,"parent":0,"menu_order":0,"comment_status":"closed","ping_status":"closed","template":"","meta":{"footnotes":""},"class_list":["post-190","page","type-page","status-publish","hentry"],"_links":{"self":[{"href":"https:\/\/www3.archidiecezja.lodz.pl\/lst\/index.php?rest_route=\/wp\/v2\/pages\/190","targetHints":{"allow":["GET"]}}],"collection":[{"href":"https:\/\/www3.archidiecezja.lodz.pl\/lst\/index.php?rest_route=\/wp\/v2\/pages"}],"about":[{"href":"https:\/\/www3.archidiecezja.lodz.pl\/lst\/index.php?rest_route=\/wp\/v2\/types\/page"}],"author":[{"embeddable":true,"href":"https:\/\/www3.archidiecezja.lodz.pl\/lst\/index.php?rest_route=\/wp\/v2\/users\/3"}],"replies":[{"embeddable":true,"href":"https:\/\/www3.archidiecezja.lodz.pl\/lst\/index.php?rest_route=%2Fwp%2Fv2%2Fcomments&post=190"}],"version-history":[{"count":70,"href":"https:\/\/www3.archidiecezja.lodz.pl\/lst\/index.php?rest_route=\/wp\/v2\/pages\/190\/revisions"}],"predecessor-version":[{"id":2428,"href":"https:\/\/www3.archidiecezja.lodz.pl\/lst\/index.php?rest_route=\/wp\/v2\/pages\/190\/revisions\/2428"}],"wp:attachment":[{"href":"https:\/\/www3.archidiecezja.lodz.pl\/lst\/index.php?rest_route=%2Fwp%2Fv2%2Fmedia&parent=190"}],"curies":[{"name":"wp","href":"https:\/\/api.w.org\/{rel}","templated":true}]}}