{"id":6,"date":"2015-07-12T15:47:39","date_gmt":"2015-07-12T13:47:39","guid":{"rendered":"http:\/\/archidiecezja.lodz.pl\/lst\/?page_id=6"},"modified":"2026-01-13T21:50:51","modified_gmt":"2026-01-13T20:50:51","slug":"start","status":"publish","type":"page","link":"https:\/\/www3.archidiecezja.lodz.pl\/lst\/","title":{"rendered":""},"content":{"rendered":"<h3><div class=\"slider-wrapper\"><div class=\"ribbon\"><\/div><div id=\"nivoslider-29\" class=\"nivoSlider\"><img decoding=\"async\" src=\"https:\/\/www3.archidiecezja.lodz.pl\/lst\/wp-content\/uploads\/2015\/07\/slajd-1.png\" alt=\"\" \/><img decoding=\"async\" src=\"https:\/\/www3.archidiecezja.lodz.pl\/lst\/wp-content\/uploads\/2015\/07\/slajd-2.png\" alt=\"\" \/><img decoding=\"async\" src=\"https:\/\/www3.archidiecezja.lodz.pl\/lst\/wp-content\/uploads\/2015\/07\/slajd-3.png\" alt=\"\" \/><img decoding=\"async\" src=\"https:\/\/www3.archidiecezja.lodz.pl\/lst\/wp-content\/uploads\/2015\/07\/slajd-4.png\" alt=\"\" \/><img decoding=\"async\" src=\"https:\/\/www3.archidiecezja.lodz.pl\/lst\/wp-content\/uploads\/2015\/07\/slajd-5.png\" alt=\"\" \/><img decoding=\"async\" src=\"https:\/\/www3.archidiecezja.lodz.pl\/lst\/wp-content\/uploads\/2015\/07\/slajd-6.png\" alt=\"\" \/><img decoding=\"async\" src=\"https:\/\/www3.archidiecezja.lodz.pl\/lst\/wp-content\/uploads\/2015\/07\/slajd-7.png\" alt=\"\" \/><img decoding=\"async\" src=\"https:\/\/www3.archidiecezja.lodz.pl\/lst\/wp-content\/uploads\/2015\/07\/slajd-8.png\" alt=\"\" \/><\/div><\/div><script type=\"text\/javascript\">\njQuery(window).load(function(){\n    jQuery(\"#nivoslider-29\").nivoSlider({\n        effect:\"random\",\n        slices:15,\n        boxCols:8,\n        boxRows:4,\n        animSpeed:500,\n        pauseTime:3000,\n        startSlide:0,\n        directionNav:false,\n        controlNav:false,\n        controlNavThumbs:false,\n        pauseOnHover:false,\n        manualAdvance:false\n    });\n});\n<\/script>\n<\/h3>\n<h1><strong>Witamy w serwisie internetowym<\/strong><\/h1>\n<p>\u201e\u0141\u00f3dzkie Studia Teologiczne\u201d s\u0105 kwartalnikiem (do 2013 r. by\u0142y rocznikiem) ukazuj\u0105cym si\u0119 od 1992 roku, wydawanym przez Wy\u017csze Seminarium Duchowne w \u0141odzi, kt\u00f3re jest afiliowane do Akademii Katolickiej (dawniej: Papieskiego Wydzia\u0142u Teologicznego &#8211; Collegium Joanneum) w Warszawie.&nbsp; Pozostaje w \u015bcis\u0142ej wsp\u00f3\u0142pracy z Wydzia\u0142em Teologicznym Uniwersytetu Kardyna\u0142a Stefana Wyszy\u0144skiego w Warszawie.<\/p>\n<p>\u201e\u0141\u00f3dzkie Studia Teologiczne\u201d zachowuj\u0105c w nazwie przymiotnik \u201eteologiczne\u201d przyjmuj\u0105 formu\u0142\u0119 otwart\u0105, inkluzyjn\u0105, chc\u0105 si\u0119 sytuowa\u0107 w obszarze nauk humanistycznych i cz\u0119\u015bciowo nauk spo\u0142ecznych, rozumianych w spos\u00f3b okre\u015blony przez Rozporz\u0105dzenie Ministra Nauki i Szkolnictwa Wy\u017cszego z dnia&nbsp;25&nbsp;wrze\u015bnia 2018 roku w sprawie dziedzin nauki i dyscyplin naukowych&nbsp;oraz dyscyplin artystycznych (Dz. U. 2018&nbsp;Poz. 1818).<\/p>\n<p>Kwartalnik jest czasopismem multidyscyplinarnym, do kt\u00f3rego zgodnie z rozporz\u0105dzeniem Ministra Edukacji i Nauki z dnia 17 lipca 2023 r., przypisano nast\u0119puj\u0105ce dyscypliny naukowe: filozofia, historia, pedagogika, prawo kanoniczne, nauki biblijne i nauki teologiczne. Niekt\u00f3re z numer\u00f3w kwartalnika maj\u0105&nbsp;przegl\u0105dowy, interdyscyplinarny charakter. Zdecydowana wi\u0119kszo\u015b\u0107 ma&nbsp;charakter quasi-monograficzny lub wr\u0119cz monograficzny. Numery monograficzne s\u0105&nbsp;pod redakcj\u0105 naukow\u0105 specjalisty z danej dyscypliny naukowej.&nbsp;Artyku\u0142y publikowane s\u0105 g\u0142\u00f3wnie w j\u0119zyku polskim, ale tak\u017ce w j\u0119zykach kongresowych. W serwisie mo\u017cna znale\u017a\u0107 informacje o zawarto\u015bci poszczeg\u00f3lnych numer\u00f3w, wraz ze streszczeniami rozpraw i artyku\u0142\u00f3w.&nbsp;Obecnie dost\u0119pne s\u0105 dane o zawarto\u015bci numer\u00f3w wydanych od roku 2010. Pe\u0142ne teksty tych numer\u00f3w dost\u0119pne s\u0105 w PDF (po publikacji wersji pierwotnej &#8211; referencyjnej &#8211; kt\u00f3r\u0105 pozostaje wersja papierowa).<\/p>\n<p><strong>Jeste\u015bmy&nbsp;indeksowani w bazach: <a href=\"https:\/\/www.ceeol.com\/search\/journal-detail?id=1737\" target=\"_blank\" rel=\"noopener\">CEEOL<\/a>, <a href=\"http:\/\/bazhum.pl\/bib\/journal\/803\/\" target=\"_blank\" rel=\"noopener\">BazHUM<\/a>, <a href=\"http:\/\/cejsh.icm.edu.pl\/cejsh\/element\/bwmeta1.element.cejsh-880603da-cdcb-46f1-903b-bd95f9a3ba30?q=5f55b4d4-bdc7-4def-ac5f-1b4a5ff5444e$1&amp;qt=IN_PAGE\" target=\"_blank\" rel=\"noopener\">CEJSH<\/a>,&nbsp;<a href=\"https:\/\/journals.indexcopernicus.com\/search\/details?id=12405\" target=\"_blank\" rel=\"noopener\">ICI&nbsp;Journals Master List<\/a> (ICV 2023: 77,63), <a href=\"https:\/\/mostwiedzy.pl\/pl\/magazine\/lodzkie-studia-teologiczne,12078-1\">Most Wiedzy<\/a> oraz na&nbsp;<a href=\"https:\/\/ojs.academicon.pl\/lst\">OJS@Academicon<\/a>.<\/strong><\/p>\n<p><strong>W najnowszym <a href=\"https:\/\/www.gov.pl\/web\/nauka\/komunikat-ministra-nauki-z-dnia-05-stycznia-2024-r-w-sprawie-wykazu-czasopism-naukowych-i-recenzowanych-materialow-z-konferencji-miedzynarodowych\">wykazie czasopism naukowych i recenzowanych materia\u0142\u00f3w z konferencji mi\u0119dzynarodowych&nbsp;og\u0142oszonym przez Ministra Nauki w dniu 5.01.2024 r.<\/a> periodykowi przyznano 20 pkt.&nbsp;<\/strong><\/p>\n<p>&nbsp;<\/p>\n","protected":false},"excerpt":{"rendered":"<p>Witamy w serwisie internetowym \u201e\u0141\u00f3dzkie Studia Teologiczne\u201d s\u0105 kwartalnikiem (do 2013 r. by\u0142y rocznikiem) ukazuj\u0105cym si\u0119 od 1992 roku, wydawanym przez Wy\u017csze Seminarium Duchowne w \u0141odzi, kt\u00f3re jest afiliowane do Akademii Katolickiej (dawniej: Papieskiego Wydzia\u0142u Teologicznego &#8211; Collegium Joanneum) w Warszawie.&nbsp; Pozostaje w \u015bcis\u0142ej wsp\u00f3\u0142pracy z Wydzia\u0142em Teologicznym Uniwersytetu Kardyna\u0142a Stefana Wyszy\u0144skiego w Warszawie. \u201e\u0141\u00f3dzkie [&hellip;]<\/p>\n","protected":false},"author":3,"featured_media":0,"parent":0,"menu_order":0,"comment_status":"closed","ping_status":"open","template":"template-front.php","meta":{"footnotes":""},"class_list":["post-6","page","type-page","status-publish","hentry"],"_links":{"self":[{"href":"https:\/\/www3.archidiecezja.lodz.pl\/lst\/index.php?rest_route=\/wp\/v2\/pages\/6","targetHints":{"allow":["GET"]}}],"collection":[{"href":"https:\/\/www3.archidiecezja.lodz.pl\/lst\/index.php?rest_route=\/wp\/v2\/pages"}],"about":[{"href":"https:\/\/www3.archidiecezja.lodz.pl\/lst\/index.php?rest_route=\/wp\/v2\/types\/page"}],"author":[{"embeddable":true,"href":"https:\/\/www3.archidiecezja.lodz.pl\/lst\/index.php?rest_route=\/wp\/v2\/users\/3"}],"replies":[{"embeddable":true,"href":"https:\/\/www3.archidiecezja.lodz.pl\/lst\/index.php?rest_route=%2Fwp%2Fv2%2Fcomments&post=6"}],"version-history":[{"count":48,"href":"https:\/\/www3.archidiecezja.lodz.pl\/lst\/index.php?rest_route=\/wp\/v2\/pages\/6\/revisions"}],"predecessor-version":[{"id":2367,"href":"https:\/\/www3.archidiecezja.lodz.pl\/lst\/index.php?rest_route=\/wp\/v2\/pages\/6\/revisions\/2367"}],"wp:attachment":[{"href":"https:\/\/www3.archidiecezja.lodz.pl\/lst\/index.php?rest_route=%2Fwp%2Fv2%2Fmedia&parent=6"}],"curies":[{"name":"wp","href":"https:\/\/api.w.org\/{rel}","templated":true}]}}