{"id":8,"date":"2015-07-12T16:03:09","date_gmt":"2015-07-12T14:03:09","guid":{"rendered":"http:\/\/archidiecezja.lodz.pl\/lst\/?page_id=8"},"modified":"2026-01-13T21:52:15","modified_gmt":"2026-01-13T20:52:15","slug":"redakcja","status":"publish","type":"page","link":"https:\/\/www3.archidiecezja.lodz.pl\/lst\/?page_id=8","title":{"rendered":"Redakcja"},"content":{"rendered":"<div class=\"slider-wrapper\"><div class=\"ribbon\"><\/div><div id=\"nivoslider-29\" class=\"nivoSlider\"><img decoding=\"async\" src=\"https:\/\/www3.archidiecezja.lodz.pl\/lst\/wp-content\/uploads\/2015\/07\/slajd-1.png\" alt=\"\" \/><img decoding=\"async\" src=\"https:\/\/www3.archidiecezja.lodz.pl\/lst\/wp-content\/uploads\/2015\/07\/slajd-2.png\" alt=\"\" \/><img decoding=\"async\" src=\"https:\/\/www3.archidiecezja.lodz.pl\/lst\/wp-content\/uploads\/2015\/07\/slajd-3.png\" alt=\"\" \/><img decoding=\"async\" src=\"https:\/\/www3.archidiecezja.lodz.pl\/lst\/wp-content\/uploads\/2015\/07\/slajd-4.png\" alt=\"\" \/><img decoding=\"async\" src=\"https:\/\/www3.archidiecezja.lodz.pl\/lst\/wp-content\/uploads\/2015\/07\/slajd-5.png\" alt=\"\" \/><img decoding=\"async\" src=\"https:\/\/www3.archidiecezja.lodz.pl\/lst\/wp-content\/uploads\/2015\/07\/slajd-6.png\" alt=\"\" \/><img decoding=\"async\" src=\"https:\/\/www3.archidiecezja.lodz.pl\/lst\/wp-content\/uploads\/2015\/07\/slajd-7.png\" alt=\"\" \/><img decoding=\"async\" src=\"https:\/\/www3.archidiecezja.lodz.pl\/lst\/wp-content\/uploads\/2015\/07\/slajd-8.png\" alt=\"\" \/><\/div><\/div><script type=\"text\/javascript\">\njQuery(window).load(function(){\n    jQuery(\"#nivoslider-29\").nivoSlider({\n        effect:\"random\",\n        slices:15,\n        boxCols:8,\n        boxRows:4,\n        animSpeed:500,\n        pauseTime:3000,\n        startSlide:0,\n        directionNav:false,\n        controlNav:false,\n        controlNavThumbs:false,\n        pauseOnHover:false,\n        manualAdvance:false\n    });\n});\n<\/script>\n\n<h3>Kolegium Redakcyjne\/Editorial Council<\/h3>\n<h4><strong>Przewodnicz\u0105cy\/Council-in-Chief<\/strong><\/h4>\n<p>ks. dr Tomasz Liszewski, Rektor WSD (\u0141\u00f3d\u017a)<\/p>\n<h4><strong>Wiceprzewodnicz\u0105cy, Sekretarz\/Deputy Council-in-Chief, Assistant Editor<\/strong><\/h4>\n<p>ks. dr hab. Rafa\u0142 Le\u015bniczak, prof. UKSW (UKSW, Warszawa, WSD \u0141\u00f3d\u017a)<\/p>\n<h4><strong>Redaktorzy\/Editors<\/strong><\/h4>\n<p>ks. dr Waldemar Bartocha (UKSW, Warszawa)<\/p>\n<p>ks. dr Karol Litawa (UPJPII, Krak\u00f3w, WSD \u0141\u00f3d\u017a)<\/p>\n<h4><strong>Redaktorzy tematyczni (sekcyjni)\/Subject (Unit) Editors<\/strong><\/h4>\n<p>ks. dr hab. Jan Wolski (WSD \u0141\u00f3d\u017a)<\/p>\n<p>ks. prof. dr hab. Andrzej Perzy\u0144ski (UKSW, Warszawa)<\/p>\n<p>ks. prof. dr hab. Grzegorz Leszczy\u0144ski (U\u0141,\u00a0\u0141\u00f3d\u017a)<\/p>\n<p>dr Krzysztof Kami\u0144ski (Akademia Humanistyczno-Ekonomiczna, \u0141\u00f3d\u017a)<\/p>\n<p>ks. prof. UKSW dr hab. Waldemar Gli\u0144ski (UKSW, Warszawa)<\/p>\n<p>ks. prof. UWM dr hab. Mieczys\u0142aw R\u00f3\u017ca\u0144ski (UWM, Olsztyn)<\/p>\n<p>ks. dr hab. Arnold Zawadzki (KUL, Lublin)<\/p>\n<p>ks. dr Karol Litawa (UPJPII, Krak\u00f3w, WSD \u0141\u00f3d\u017a)<\/p>\n<p>ks. dr hab. Marek St\u0119pniak (WSD \u0141\u00f3d\u017a)<\/p>\n<p>ks. dr Waldemar Bartocha (UKSW, Warszawa)<\/p>\n<p>&nbsp;<\/p>\n<h4><strong>Redaktorzy j\u0119zykowi\/Language Editors<\/strong><\/h4>\n<p>mgr Maria Barbara Libiszowska <em>(j\u0119zyk polski\/Polish)<\/em><\/p>\n<p>mgr Agnieszka Kafli\u0144ska<em> (j\u0119zyk angielski\/English)<\/em><\/p>\n<p>mgr Liliana Ko\u0142cz (Kanada\/Canada) <em>(j\u0119zyk angielski\/English, j\u0119zyk francuski\/French)<\/em><\/p>\n<p>&nbsp;<\/p>\n","protected":false},"excerpt":{"rendered":"<p>Kolegium Redakcyjne\/Editorial Council Przewodnicz\u0105cy\/Council-in-Chief ks. dr Tomasz Liszewski, Rektor WSD (\u0141\u00f3d\u017a) Wiceprzewodnicz\u0105cy, Sekretarz\/Deputy Council-in-Chief, Assistant Editor ks. dr hab. Rafa\u0142 Le\u015bniczak, prof. UKSW (UKSW, Warszawa, WSD \u0141\u00f3d\u017a) Redaktorzy\/Editors ks. dr Waldemar Bartocha (UKSW, Warszawa) ks. dr Karol Litawa (UPJPII, Krak\u00f3w, WSD \u0141\u00f3d\u017a) Redaktorzy tematyczni (sekcyjni)\/Subject (Unit) Editors ks. dr hab. Jan Wolski (WSD \u0141\u00f3d\u017a) ks. [&hellip;]<\/p>\n","protected":false},"author":3,"featured_media":0,"parent":0,"menu_order":0,"comment_status":"closed","ping_status":"open","template":"template-front.php","meta":{"footnotes":""},"class_list":["post-8","page","type-page","status-publish","hentry"],"_links":{"self":[{"href":"https:\/\/www3.archidiecezja.lodz.pl\/lst\/index.php?rest_route=\/wp\/v2\/pages\/8","targetHints":{"allow":["GET"]}}],"collection":[{"href":"https:\/\/www3.archidiecezja.lodz.pl\/lst\/index.php?rest_route=\/wp\/v2\/pages"}],"about":[{"href":"https:\/\/www3.archidiecezja.lodz.pl\/lst\/index.php?rest_route=\/wp\/v2\/types\/page"}],"author":[{"embeddable":true,"href":"https:\/\/www3.archidiecezja.lodz.pl\/lst\/index.php?rest_route=\/wp\/v2\/users\/3"}],"replies":[{"embeddable":true,"href":"https:\/\/www3.archidiecezja.lodz.pl\/lst\/index.php?rest_route=%2Fwp%2Fv2%2Fcomments&post=8"}],"version-history":[{"count":32,"href":"https:\/\/www3.archidiecezja.lodz.pl\/lst\/index.php?rest_route=\/wp\/v2\/pages\/8\/revisions"}],"predecessor-version":[{"id":2238,"href":"https:\/\/www3.archidiecezja.lodz.pl\/lst\/index.php?rest_route=\/wp\/v2\/pages\/8\/revisions\/2238"}],"wp:attachment":[{"href":"https:\/\/www3.archidiecezja.lodz.pl\/lst\/index.php?rest_route=%2Fwp%2Fv2%2Fmedia&parent=8"}],"curies":[{"name":"wp","href":"https:\/\/api.w.org\/{rel}","templated":true}]}}