{"id":824,"date":"2018-04-05T02:16:14","date_gmt":"2018-04-05T00:16:14","guid":{"rendered":"http:\/\/archidiecezja.lodz.pl\/lst\/?page_id=824"},"modified":"2021-01-02T11:21:01","modified_gmt":"2021-01-02T10:21:01","slug":"11992-2","status":"publish","type":"page","link":"https:\/\/www3.archidiecezja.lodz.pl\/lst\/?page_id=824","title":{"rendered":"1(1992)"},"content":{"rendered":"<h3><strong>\u0141\u00f3dzkie Studia Teologiczne nr 1(1992)<\/strong><\/h3>\n<p><div class=\"column-third first\"><br \/>\n<a href=\"https:\/\/www3.archidiecezja.lodz.pl\/lst\/wp-content\/uploads\/\u0141\u00f3dzkie-Studia-Teologiczne-1992-ok\u0142adka.png\"><img loading=\"lazy\" decoding=\"async\" class=\"alignnone wp-image-507 size-medium\" src=\"https:\/\/www3.archidiecezja.lodz.pl\/lst\/wp-content\/uploads\/\u0141\u00f3dzkie-Studia-Teologiczne-1992-ok\u0142adka-210x300.png\" alt=\"\" width=\"210\" height=\"300\" srcset=\"https:\/\/www3.archidiecezja.lodz.pl\/lst\/wp-content\/uploads\/\u0141\u00f3dzkie-Studia-Teologiczne-1992-ok\u0142adka-210x300.png 210w, https:\/\/www3.archidiecezja.lodz.pl\/lst\/wp-content\/uploads\/\u0141\u00f3dzkie-Studia-Teologiczne-1992-ok\u0142adka-105x150.png 105w, https:\/\/www3.archidiecezja.lodz.pl\/lst\/wp-content\/uploads\/\u0141\u00f3dzkie-Studia-Teologiczne-1992-ok\u0142adka.png 600w\" sizes=\"auto, (max-width: 210px) 100vw, 210px\" \/><\/a><\/p>\n<table style=\"height: 49px;\" border=\"1\" width=\"201\" cellspacing=\"0\" cellpadding=\"3\">\n<tbody>\n<tr>\n<td align=\"center\" valign=\"middle\">pobierz plik <a href=\"https:\/\/www3.archidiecezja.lodz.pl\/lst\/pdf\/1(1992).pdf\" target=\"_blank\"><img loading=\"lazy\" decoding=\"async\" class=\"alignnone wp-image-155 size-full\" src=\"https:\/\/www3.archidiecezja.lodz.pl\/lst\/wp-content\/uploads\/pdf.png\" alt=\"pdf\" width=\"32\" height=\"32\" \/><\/a><\/td>\n<\/tr>\n<\/tbody>\n<\/table>\n<p><\/div>\n<div class=\"column-third second-third\"><\/p>\n<p>Arcybiskup W\u0142adys\u0142aw Zi\u00f3\u0142ek, Przedmowa Arcybiskupa \u0141\u00f3dzkiego<br \/>\nBiskup Adam Lepa, Od Redakcji<strong>\u00a0<\/strong><\/p>\n<p><strong>ARTYKU\u0141Y<\/strong><\/p>\n<p>ks. Stanis\u0142aw Grad, <em>Wy\u017csze Seminarium Duchowne w \u0141odzi w latach 1921\u20131940<\/em><\/p>\n<p>Marek Budziarek, <em>\u201eGloria victis\u201d. Martyrologia wyk\u0142adowc\u00f3w \u0142\u00f3dzkiego Seminarium\u00a0Duchownego podczas okupacji hitlerowskiej 1939\u20131945<\/em><\/p>\n<p>ks. Antoni Woroniecki, <em>Wy\u017csze Seminarium Duchowne w \u0141odzi po przerwie\u00a0okupacyjnej 1945\u20131947<\/em><\/p>\n<p>ks. Kazimierz D\u0105browski, <em>Wy\u017csze Seminarium Duchowne w \u0141odzi w latach\u00a01945\u20131991<\/em><\/p>\n<p>ks. Ireneusz P\u0119kalski, <em>Kanoniczno-cywilny status Wy\u017cszego Seminarium Duchownego w \u0141odzi<\/em><\/p>\n<p>bp Adam Lepa, <em>Wy\u017csze Seminarium Duchowne w \u0141odzi w swoich relacjach ,,ad extra\u201d<\/em><\/p>\n<p>ks. S\u0142awomir Szczyrba, <em>W trosce o nowy kszta\u0142t pracy wychowawczo-formacyjnej\u00a0w Seminarium Duchownym. Przyczynek do teologii formatora<\/em><\/p>\n<p><strong>SPRAWOZDANIA I RECENZJE<\/strong><\/p>\n<p>Pracownicy dydaktyczno-naukowi wyk\u0142adaj\u0105cy w Wy\u017cszym Seminarium Duchownym\u00a0w \u0141odzi w roku akademickim 1990\/91. Biogramy i bibliografie<\/p>\n<p>ks. Andrzej Perzy\u0144ski. <em>\u015awiadomo\u015b\u0107 religijna cz\u0142owieka wsp\u00f3\u0142czesnego<\/em> (Luigi Giussani,\u00a0<em>La coscienza religiosa nell uomo moderno. Note per cattolici \u201eimpegnati\u201d<\/em>, Milano 1985)<\/p>\n<p>ks. Szczepan W. \u015alaga, <em>Wok\u00f3\u0142 idei Boga kosmolog\u00f3w<\/em>. Na marginesie ksi\u0105\u017cki K. Ma\u015blanki,\u00a0Kosmologia wsp\u00f3\u0142czesna (Krak\u00f3w 1991) i jego artyku\u0142\u00f3w z kosmologii<\/p>\n<p>ks. Szczepan W. \u015alaga, <em>Problemy \u015bwiatopogl\u0105dowe<\/em> (Jaki \u015bwiatopogl\u0105d odpowiada\u00a0rzeczywisto\u015bci? Agnostycy w drodze do poznania Stw\u00f3rcy. Ksi\u0119ga ku czci Franza\u00a0kardyna\u0142a K\u00f6niga, Katowice 1993)<\/p>\n<p><strong>\u00a0<\/strong><\/p>\n<p><strong>Z \u017bYCIA DIECEZJI I SEMINARIUM<\/strong><\/p>\n<p>Diariusz wydarze\u0144 seminaryjnych wrzesie\u0144 1990 \u2013 czerwiec 1991<br \/>\nWykaz prac magisterskich wykonanych w Wy\u017cszym Seminarium Duchownym w \u0141odzi<br \/>\nw latach 1990\u20131992<br \/>\n<\/div><\/p>\n<p>&nbsp;<\/p>\n","protected":false},"excerpt":{"rendered":"<p>\u0141\u00f3dzkie Studia Teologiczne nr 1(1992) &nbsp;<\/p>\n","protected":false},"author":3,"featured_media":1309,"parent":0,"menu_order":0,"comment_status":"closed","ping_status":"closed","template":"template-front.php","meta":{"footnotes":""},"class_list":["post-824","page","type-page","status-publish","has-post-thumbnail","hentry"],"_links":{"self":[{"href":"https:\/\/www3.archidiecezja.lodz.pl\/lst\/index.php?rest_route=\/wp\/v2\/pages\/824","targetHints":{"allow":["GET"]}}],"collection":[{"href":"https:\/\/www3.archidiecezja.lodz.pl\/lst\/index.php?rest_route=\/wp\/v2\/pages"}],"about":[{"href":"https:\/\/www3.archidiecezja.lodz.pl\/lst\/index.php?rest_route=\/wp\/v2\/types\/page"}],"author":[{"embeddable":true,"href":"https:\/\/www3.archidiecezja.lodz.pl\/lst\/index.php?rest_route=\/wp\/v2\/users\/3"}],"replies":[{"embeddable":true,"href":"https:\/\/www3.archidiecezja.lodz.pl\/lst\/index.php?rest_route=%2Fwp%2Fv2%2Fcomments&post=824"}],"version-history":[{"count":5,"href":"https:\/\/www3.archidiecezja.lodz.pl\/lst\/index.php?rest_route=\/wp\/v2\/pages\/824\/revisions"}],"predecessor-version":[{"id":1571,"href":"https:\/\/www3.archidiecezja.lodz.pl\/lst\/index.php?rest_route=\/wp\/v2\/pages\/824\/revisions\/1571"}],"wp:featuredmedia":[{"embeddable":true,"href":"https:\/\/www3.archidiecezja.lodz.pl\/lst\/index.php?rest_route=\/wp\/v2\/media\/1309"}],"wp:attachment":[{"href":"https:\/\/www3.archidiecezja.lodz.pl\/lst\/index.php?rest_route=%2Fwp%2Fv2%2Fmedia&parent=824"}],"curies":[{"name":"wp","href":"https:\/\/api.w.org\/{rel}","templated":true}]}}