{"id":9,"date":"2015-07-12T16:02:42","date_gmt":"2015-07-12T14:02:42","guid":{"rendered":"http:\/\/archidiecezja.lodz.pl\/lst\/?page_id=9"},"modified":"2026-01-13T21:52:28","modified_gmt":"2026-01-13T20:52:28","slug":"rada-naukowa","status":"publish","type":"page","link":"https:\/\/www3.archidiecezja.lodz.pl\/lst\/?page_id=9","title":{"rendered":"Rada Naukowa"},"content":{"rendered":"<div class=\"slider-wrapper\"><div class=\"ribbon\"><\/div><div id=\"nivoslider-29\" class=\"nivoSlider\"><img decoding=\"async\" src=\"https:\/\/www3.archidiecezja.lodz.pl\/lst\/wp-content\/uploads\/2015\/07\/slajd-1.png\" alt=\"\" \/><img decoding=\"async\" src=\"https:\/\/www3.archidiecezja.lodz.pl\/lst\/wp-content\/uploads\/2015\/07\/slajd-2.png\" alt=\"\" \/><img decoding=\"async\" src=\"https:\/\/www3.archidiecezja.lodz.pl\/lst\/wp-content\/uploads\/2015\/07\/slajd-3.png\" alt=\"\" \/><img decoding=\"async\" src=\"https:\/\/www3.archidiecezja.lodz.pl\/lst\/wp-content\/uploads\/2015\/07\/slajd-4.png\" alt=\"\" \/><img decoding=\"async\" src=\"https:\/\/www3.archidiecezja.lodz.pl\/lst\/wp-content\/uploads\/2015\/07\/slajd-5.png\" alt=\"\" \/><img decoding=\"async\" src=\"https:\/\/www3.archidiecezja.lodz.pl\/lst\/wp-content\/uploads\/2015\/07\/slajd-6.png\" alt=\"\" \/><img decoding=\"async\" src=\"https:\/\/www3.archidiecezja.lodz.pl\/lst\/wp-content\/uploads\/2015\/07\/slajd-7.png\" alt=\"\" \/><img decoding=\"async\" src=\"https:\/\/www3.archidiecezja.lodz.pl\/lst\/wp-content\/uploads\/2015\/07\/slajd-8.png\" alt=\"\" \/><\/div><\/div><script type=\"text\/javascript\">\njQuery(window).load(function(){\n    jQuery(\"#nivoslider-29\").nivoSlider({\n        effect:\"random\",\n        slices:15,\n        boxCols:8,\n        boxRows:4,\n        animSpeed:500,\n        pauseTime:3000,\n        startSlide:0,\n        directionNav:false,\n        controlNav:false,\n        controlNavThumbs:false,\n        pauseOnHover:false,\n        manualAdvance:false\n    });\n});\n<\/script>\n\n<h3>Rada Naukowa\/Advisory Board<\/h3>\n<p style=\"text-align: left;\" align=\"LEFT\">abp prof. dr hab. Marek J\u0119draszewski (UAM, Pozna\u0144)<\/p>\n<p style=\"text-align: left;\" align=\"LEFT\">ks. prof. dr hab. Pawe\u0142 Bortkiewicz (UAM, Pozna\u0144)<\/p>\n<p style=\"text-align: left;\" align=\"LEFT\">prof. dr hab. Alfredo Cruz Prados (Universidad de Navarra, Pamplona)<\/p>\n<p style=\"text-align: left;\" align=\"LEFT\">prof. dr.\u00a0 Norberto Gonz\u00e1lez Gaitano (Pontificia Universit\u00e0 della Santa Croce, Roma)<\/p>\n<p style=\"text-align: left;\" align=\"LEFT\">ks. prof. dr hab. Pawe\u0142 G\u00f3ralczyk SAC (CKK, UKSW, Warszawa)<\/p>\n<p style=\"text-align: left;\" align=\"LEFT\">prof. dr hab. Horacio Simian-Yofre SJ (Univ. Cordoba, Argentyna, em. prof. Biblicum, Rzym)<\/p>\n<p style=\"text-align: left;\" align=\"LEFT\">prof. dr hab. Ryszard Kleszcz (U\u0141, \u0141\u00f3d\u017a)<\/p>\n<p style=\"text-align: left;\" align=\"LEFT\">ks. prof. dr hab. Grzegorz Leszczy\u0144ski (U\u0141, \u0141\u00f3d\u017a)<\/p>\n<p style=\"text-align: left;\" align=\"LEFT\">prof. dr hab. Ettore Malnati (Facolt\u00e0 Teologica, Lugano)<\/p>\n<p style=\"text-align: left;\" align=\"LEFT\">ks. prof. dr hab. Piotr Moskal (KUL, Lublin)<\/p>\n<p style=\"text-align: left;\" align=\"LEFT\">ks. dr hab. Mieczys\u0142aw R\u00f3\u017ca\u0144ski, prof. UWM<\/p>\n<p style=\"text-align: left;\" align=\"LEFT\">prof. dr hab. Micha\u0142 Sewery\u0144ski (U\u0141, \u0141\u00f3d\u017a)<\/p>\n<p style=\"text-align: left;\" align=\"LEFT\">ks. prof. dr hab. Jan S\u0142omka (U\u015a, Katowice)<\/p>\n<p style=\"text-align: left;\" align=\"LEFT\">ks. prof. dr hab. Krzysztof St\u0119pniak (UKSW, Warszawa)<\/p>\n<p style=\"text-align: left;\" align=\"LEFT\">o. prof. dr hab. Zbigniew Suchecki OFM Conv (Pontificia Universit\u00e0 Antonianum, Rzym)<\/p>\n<p style=\"text-align: left;\">prof. dr hab. Marek Maciejczak (Politechnika Warszawska, Warszawa)<\/p>\n<p>&nbsp;<\/p>\n","protected":false},"excerpt":{"rendered":"<p>Rada Naukowa\/Advisory Board abp prof. dr hab. Marek J\u0119draszewski (UAM, Pozna\u0144) ks. prof. dr hab. Pawe\u0142 Bortkiewicz (UAM, Pozna\u0144) prof. dr hab. Alfredo Cruz Prados (Universidad de Navarra, Pamplona) prof. dr.\u00a0 Norberto Gonz\u00e1lez Gaitano (Pontificia Universit\u00e0 della Santa Croce, Roma) ks. prof. dr hab. Pawe\u0142 G\u00f3ralczyk SAC (CKK, UKSW, Warszawa) prof. dr hab. Horacio Simian-Yofre [&hellip;]<\/p>\n","protected":false},"author":3,"featured_media":0,"parent":0,"menu_order":0,"comment_status":"closed","ping_status":"open","template":"template-front.php","meta":{"footnotes":""},"class_list":["post-9","page","type-page","status-publish","hentry"],"_links":{"self":[{"href":"https:\/\/www3.archidiecezja.lodz.pl\/lst\/index.php?rest_route=\/wp\/v2\/pages\/9","targetHints":{"allow":["GET"]}}],"collection":[{"href":"https:\/\/www3.archidiecezja.lodz.pl\/lst\/index.php?rest_route=\/wp\/v2\/pages"}],"about":[{"href":"https:\/\/www3.archidiecezja.lodz.pl\/lst\/index.php?rest_route=\/wp\/v2\/types\/page"}],"author":[{"embeddable":true,"href":"https:\/\/www3.archidiecezja.lodz.pl\/lst\/index.php?rest_route=\/wp\/v2\/users\/3"}],"replies":[{"embeddable":true,"href":"https:\/\/www3.archidiecezja.lodz.pl\/lst\/index.php?rest_route=%2Fwp%2Fv2%2Fcomments&post=9"}],"version-history":[{"count":16,"href":"https:\/\/www3.archidiecezja.lodz.pl\/lst\/index.php?rest_route=\/wp\/v2\/pages\/9\/revisions"}],"predecessor-version":[{"id":2298,"href":"https:\/\/www3.archidiecezja.lodz.pl\/lst\/index.php?rest_route=\/wp\/v2\/pages\/9\/revisions\/2298"}],"wp:attachment":[{"href":"https:\/\/www3.archidiecezja.lodz.pl\/lst\/index.php?rest_route=%2Fwp%2Fv2%2Fmedia&parent=9"}],"curies":[{"name":"wp","href":"https:\/\/api.w.org\/{rel}","templated":true}]}}