{"id":98,"date":"2015-07-13T00:53:09","date_gmt":"2015-07-12T22:53:09","guid":{"rendered":"http:\/\/archidiecezja.lodz.pl\/lst\/?page_id=98"},"modified":"2017-03-11T23:27:33","modified_gmt":"2017-03-11T22:27:33","slug":"sposob-cytowania","status":"publish","type":"page","link":"https:\/\/www3.archidiecezja.lodz.pl\/lst\/?page_id=98","title":{"rendered":"SPOS\u00d3B CYTOWANIA"},"content":{"rendered":"<div class=\"slider-wrapper\"><div class=\"ribbon\"><\/div><div id=\"nivoslider-29\" class=\"nivoSlider\"><img decoding=\"async\" src=\"https:\/\/www3.archidiecezja.lodz.pl\/lst\/wp-content\/uploads\/2015\/07\/slajd-1.png\" alt=\"\" \/><img decoding=\"async\" src=\"https:\/\/www3.archidiecezja.lodz.pl\/lst\/wp-content\/uploads\/2015\/07\/slajd-2.png\" alt=\"\" \/><img decoding=\"async\" src=\"https:\/\/www3.archidiecezja.lodz.pl\/lst\/wp-content\/uploads\/2015\/07\/slajd-3.png\" alt=\"\" \/><img decoding=\"async\" src=\"https:\/\/www3.archidiecezja.lodz.pl\/lst\/wp-content\/uploads\/2015\/07\/slajd-4.png\" alt=\"\" \/><img decoding=\"async\" src=\"https:\/\/www3.archidiecezja.lodz.pl\/lst\/wp-content\/uploads\/2015\/07\/slajd-5.png\" alt=\"\" \/><img decoding=\"async\" src=\"https:\/\/www3.archidiecezja.lodz.pl\/lst\/wp-content\/uploads\/2015\/07\/slajd-6.png\" alt=\"\" \/><img decoding=\"async\" src=\"https:\/\/www3.archidiecezja.lodz.pl\/lst\/wp-content\/uploads\/2015\/07\/slajd-7.png\" alt=\"\" \/><img decoding=\"async\" src=\"https:\/\/www3.archidiecezja.lodz.pl\/lst\/wp-content\/uploads\/2015\/07\/slajd-8.png\" alt=\"\" \/><\/div><\/div><script type=\"text\/javascript\">\njQuery(window).load(function(){\n    jQuery(\"#nivoslider-29\").nivoSlider({\n        effect:\"random\",\n        slices:15,\n        boxCols:8,\n        boxRows:4,\n        animSpeed:500,\n        pauseTime:3000,\n        startSlide:0,\n        directionNav:false,\n        controlNav:false,\n        controlNavThumbs:false,\n        pauseOnHover:false,\n        manualAdvance:false\n    });\n});\n<\/script>\n\n<h3>Spos\u00f3b cytowania oraz przygotowanie tekstu do druku w kwartalniku \u0141ST<\/h3>\n<p>&nbsp;<\/p>\n<p>I. Odwo\u0142ania do literatury prosimy podawa\u0107 w przypisach na dole strony, <strong>bez znaku \u201es.\u201d<\/strong> przed numerami stron.<\/p>\n<p style=\"text-align: center;\">\u00a0<strong>Wz\u00f3r<\/strong><\/p>\n<ol>\n<li><strong>Artyku\u0142 z czasopisma<\/strong>: inicja\u0142 imienia, nazwisko, tytu\u0142 kursyw\u0105, czasopismo (w pe\u0142nym brzmieniu, bez cudzys\u0142owu), rocznik, rok wydania w\u00a0nawiasie, numer lub zeszyt, strony, np.<br \/>\nA.B. St\u0119pie\u0144, <em>Pochwa\u0142a dobrego scholastyka<\/em>, Ethos 22 (2009) 1\u20132, 215\u2013217.<\/li>\n<li><strong>Artyku\u0142 z dzie\u0142a zbiorowego<\/strong>: inicja\u0142 imienia, nazwisko, tytu\u0142 kursyw\u0105, znak \u201aw:\u2019 tytu\u0142 dzie\u0142a zbiorowego kursyw\u0105, po skr\u00f3cie \u201ared.\u2019 inicja\u0142y imion i nazwiska redaktor\u00f3w, miejsce i rok wydania, strony, np.:<br \/>\nS. Szczyrba, <em>Religia a nowoczesno\u015b\u0107: ku autentycznej laicko\u015bci<\/em>, w: <em>Tradycja a nowoczesno\u015b\u0107<\/em>, red. E. Wo\u017aniak, \u0141\u00f3d\u017a 2008, 29\u201338.<\/li>\n<li><strong>Ksi\u0105\u017cka<\/strong>: inicja\u0142 imienia, nazwisko, tytu\u0142 kursyw\u0105, miejsce i rok wydania, strony, np.:<br \/>\nA. Perzy\u0144ski, <em>W\u0142oska antropologia teologiczna<\/em>, \u0141\u00f3d\u017a 2012, 70\u201385.<\/li>\n<li><strong>Je\u015bli tekst jest t\u0142umaczeniem<\/strong>, po tytule artyku\u0142u lub ksi\u0105\u017cki nale\u017cy poda\u0107 inicja\u0142 imienia i nazwisko <strong>t\u0142umacza<\/strong>, poprzedzony skr\u00f3tem \u201at\u0142um.\u2019 i odwo\u0142aniem do j\u0119zyka orygina\u0142u, np.:<br \/>\nA. Besan\u00e7on, <strong><em>\u015a<\/em><\/strong><strong><em>wi\u0119ta Ru\u015b<\/em><\/strong>, t\u0142um. z fr. \u0141. Ma\u015blanka, Warszawa 2012, 60\u201363 .<\/li>\n<\/ol>\n<ul>\n<li>Kolejne cytowanie tej samej pozycji sygnalizuje si\u0119 odpowiednio skr\u00f3tami art.cyt. lub dz.cyt., umieszczanymi po nazwisku autora, je\u015bli wy\u017cej cytowana by\u0142a tylko jedna pozycja tego autora, b\u0105d\u017a po nazwisku i tytule (mo\u017cliwe jest u\u017cycie skr\u00f3conego tytu\u0142u) \u2013 je\u015bli wy\u017cej cytowane by\u0142y r\u00f3\u017cne prace tego samego autora.<\/li>\n<li>\u00a0Odwo\u0142anie do pozycji cytowanej w przypisie bezpo\u015brednio poprzedzaj\u0105cym sygnalizuje si\u0119 s\u0142owem Tam\u017ce.<\/li>\n<li>\u00a0W przypadku nast\u0119puj\u0105cych bezpo\u015brednio po sobie odwo\u0142a\u0144 do r\u00f3\u017cnych prac tego samego autora, inicja\u0142 imienia i nazwisko zast\u0119puje si\u0119 s\u0142owem Ten\u017ce lub Ta\u017ce.<\/li>\n<\/ul>\n<p>&nbsp;<\/p>\n<p>II. Na ko\u0144cu artyku\u0142u prosimy zamie\u015bci\u0107 <strong>bibliografi\u0119 za\u0142\u0105cznikow\u0105<\/strong> w uk\u0142adzie alfabetycznym i formacie opisanym powy\u017cej, z nast\u0119puj\u0105cymi r\u00f3\u017cnicami:<\/p>\n<ul>\n<li>nazwisko autora pracy przed inicja\u0142em imienia (nie dotyczy to nazwisk redaktor\u00f3w i t\u0142umaczy podawanych w dalszej cz\u0119\u015bci opisu)<\/li>\n<li>w przypadku artyku\u0142u z czasopisma lub pracy zbiorowej \u2013 zakres stron ca\u0142ego artyku\u0142u<\/li>\n<li>po miejscu wydania, po dwukropku \u2013 nazwa wydawnictwa, np.:<br \/>\nS. Szczyrba, <em>Religia a nowoczesno\u015b\u0107: ku autentycznej laicko\u015bci<\/em>, w: <em>Tradycja a nowoczesno\u015b\u0107<\/em>, red. E. Wo\u017aniak, \u0141\u00f3d\u017a: Archidiecezjalne Wydawnictwo \u0141\u00f3dzkie 2008, 29\u201338.<\/li>\n<\/ul>\n<p>&nbsp;<\/p>\n<p>III. <strong>Streszczenie w j\u0119zyku angielskim<\/strong> (wraz z angielskim tytu\u0142em artyku\u0142u!), <strong>s\u0142owa kluczowe <\/strong>w j\u0119zyku polskim i j\u0119zyku angielskim (4-10 s\u0142\u00f3w kluczowych). Styl streszczenia winien by\u0107 bezosobowy. Wskazane jest te\u017c streszczenie w j\u0119zyku polskim (do korekty j\u0119zykowej). W przypadku artyku\u0142u w\u00a0j\u0119zyku obcym, obowi\u0105zkowe jest streszczenie polskie, obok streszczenia w j\u0119zyku angielskim.<\/p>\n<p>&nbsp;<\/p>\n<p>IV. Przygotowanie tekstu do druku:<\/p>\n<ol>\n<li>Teksty prosimy nadsy\u0142a\u0107 drog\u0105 elektroniczn\u0105, w formacie Word 97-2003 (*.doc) lub rtf, a tak\u017ce \u2013 gdy artyku\u0142 zawiera niestandardow\u0105 czcionk\u0119 lub rysunki \u2013 w formacie pdf.<\/li>\n<li>Wielko\u015b\u0107 czcionki: 12 pt., w przypisach: 10 pt., interlinia: 1,5 wiersza, marginesy: 2,5 cm.<\/li>\n<li>W tek\u015bcie nale\u017cy unika\u0107 wyr\u00f3\u017cnie\u0144 (czcionka pogrubiona, podkre\u015blenie, druk rozstrzelony itp.) z wyj\u0105tkiem kursywy, stosowanej w przypadku cytowanych tytu\u0142\u00f3w oraz termin\u00f3w i wyra\u017ce\u0144 obcoj\u0119zycznych. Cytaty nale\u017cy pisa\u0107 czcionk\u0105 prost\u0105, w cudzys\u0142owie, cytaty wewn\u0119trzne (cytat w cytacie) \u2013 w cudzys\u0142owie \u00abniemieckim\u00bb.<\/li>\n<li><strong>W przypadku u\u017cywania znak\u00f3w specjalnych (np. symbole logiczne, matematyczne,\u00a0alfabet grecki) nale\u017cy do\u0142\u0105czy\u0107 plik z zastosowan\u0105 czcionk\u0105.\u00a0Od kiedy jest jednak w u\u017cyciu czcionka Times New Roman opentype\u00a0(16 bit\u00f3w) s\u0105 w niej zawarte tak\u017ce litery greckie, hebrajskie, cyrylica.\u00a0Najlepiej wi\u0119c pisa\u0107 w tej czcionce przestawiaj\u0105c si\u0119 przy pisaniu takich\u00a0tekst\u00f3w na odpowiedni\u0105 klawiatur\u0119 w Panelu Sterowania, a wi\u0119c np. na\u00a0na klawiatur\u0119 greck\u0105 przy pisaniu po grecku.<\/strong><\/li>\n<li>Pierwsz\u0105 stron\u0119 tekstu nale\u017cy rozpocz\u0105\u0107 od imienia i nazwiska Autora, w\u00a0nast\u0119pnej linii \u2013 afiliacja (jednostka zatrudniaj\u0105ca), nast\u0119pnie (po stosownym odst\u0119pie) \u2013 tytu\u0142 pracy. Dodatkowe informacje o Autorze (zw\u0142aszcza kontaktowy e-mail) prosimy poda\u0107 w pierwszym przypisie.<\/li>\n<li>Obj\u0119to\u015b\u0107 tekstu do 40 tys. znak\u00f3w (licz\u0105c przypisy i spacje), tylko wyj\u0105tkowo uzasadnione wi\u0119ksze teksty.<\/li>\n<li>Ewentualne schematy i rysunki powinny stanowi\u0107 jedn\u0105 ca\u0142o\u015b\u0107 (jako \u201erysunek zgrupowany\u201d czy \u201eramka\u201d), by unikn\u0105\u0107 ich zniekszta\u0142cenia w\u00a0trakcie formatowania tekstu do druku.<\/li>\n<\/ol>\n<p>&nbsp;<\/p>\n<p>&nbsp;<\/p>\n","protected":false},"excerpt":{"rendered":"<p>Spos\u00f3b cytowania oraz przygotowanie tekstu do druku w kwartalniku \u0141ST &nbsp; I. Odwo\u0142ania do literatury prosimy podawa\u0107 w przypisach na dole strony, bez znaku \u201es.\u201d przed numerami stron. \u00a0Wz\u00f3r Artyku\u0142 z czasopisma: inicja\u0142 imienia, nazwisko, tytu\u0142 kursyw\u0105, czasopismo (w pe\u0142nym brzmieniu, bez cudzys\u0142owu), rocznik, rok wydania w\u00a0nawiasie, numer lub zeszyt, strony, np. A.B. St\u0119pie\u0144, Pochwa\u0142a [&hellip;]<\/p>\n","protected":false},"author":3,"featured_media":0,"parent":0,"menu_order":0,"comment_status":"closed","ping_status":"closed","template":"template-front.php","meta":{"footnotes":""},"class_list":["post-98","page","type-page","status-publish","hentry"],"_links":{"self":[{"href":"https:\/\/www3.archidiecezja.lodz.pl\/lst\/index.php?rest_route=\/wp\/v2\/pages\/98","targetHints":{"allow":["GET"]}}],"collection":[{"href":"https:\/\/www3.archidiecezja.lodz.pl\/lst\/index.php?rest_route=\/wp\/v2\/pages"}],"about":[{"href":"https:\/\/www3.archidiecezja.lodz.pl\/lst\/index.php?rest_route=\/wp\/v2\/types\/page"}],"author":[{"embeddable":true,"href":"https:\/\/www3.archidiecezja.lodz.pl\/lst\/index.php?rest_route=\/wp\/v2\/users\/3"}],"replies":[{"embeddable":true,"href":"https:\/\/www3.archidiecezja.lodz.pl\/lst\/index.php?rest_route=%2Fwp%2Fv2%2Fcomments&post=98"}],"version-history":[{"count":6,"href":"https:\/\/www3.archidiecezja.lodz.pl\/lst\/index.php?rest_route=\/wp\/v2\/pages\/98\/revisions"}],"predecessor-version":[{"id":287,"href":"https:\/\/www3.archidiecezja.lodz.pl\/lst\/index.php?rest_route=\/wp\/v2\/pages\/98\/revisions\/287"}],"wp:attachment":[{"href":"https:\/\/www3.archidiecezja.lodz.pl\/lst\/index.php?rest_route=%2Fwp%2Fv2%2Fmedia&parent=98"}],"curies":[{"name":"wp","href":"https:\/\/api.w.org\/{rel}","templated":true}]}}